{"id":5312,"date":"2023-04-17T16:06:56","date_gmt":"2023-04-17T13:06:56","guid":{"rendered":"https:\/\/aridamlasi.fedze.com\/?page_id=5312"},"modified":"2023-05-04T17:27:12","modified_gmt":"2023-05-04T14:27:12","slug":"bitkisel-yaglar","status":"publish","type":"page","link":"https:\/\/aridamlasi.com\/tr\/bitkisel-yaglar\/","title":{"rendered":"Bitkisel Ya\u011flar"},"content":{"rendered":"<p>Bitkisel Ya\u011flar<br \/>line<br \/>hide<\/p>\n<p><img decoding=\"async\" src=\"https:\/\/aridamlasi.com\/wp-content\/uploads\/2022\/03\/Tatli-Badem-Yagi-50.png\" alt=\"Tatli-Badem-Yagi-50\" \/><br \/>Tatl\u0131 Badem Ya\u011f\u0131<br \/><a href=\"https:\/\/aridamlasi.com\/tatli-badem-yagi-50-ml\/\">https:\/\/aridamlasi.com\/tatli-badem-yagi-50-ml\/<\/a><br \/>hide<\/p>\n<p><img decoding=\"async\" src=\"https:\/\/aridamlasi.com\/wp-content\/uploads\/2022\/03\/Susam-Yagi-50.png\" alt=\"Susam-Yagi-50\" \/><br \/>Susam Ya\u011f\u0131<br \/><a href=\"https:\/\/aridamlasi.com\/susam-yagi-250-ml-2\/\">https:\/\/aridamlasi.com\/susam-yagi-250-ml-2\/<\/a><br \/>hide<\/p>\n<p><img decoding=\"async\" src=\"https:\/\/aridamlasi.com\/wp-content\/uploads\/2022\/03\/Kabak-Yagi-20.png\" alt=\"Kabak-Yagi-20\" \/><br \/>Kabak \u00c7ekirde\u011fi Ya\u011f\u0131<br \/><a href=\"https:\/\/aridamlasi.com\/kabak-cekirdegi-yagi-250-ml\/\">https:\/\/aridamlasi.com\/kabak-cekirdegi-yagi-250-ml\/<\/a><br \/>hide<\/p>\n<p><img decoding=\"async\" src=\"https:\/\/aridamlasi.com\/wp-content\/uploads\/2022\/03\/Hindistan-Yagi-20.png\" alt=\"Hindistan-Yagi-20\" \/><br \/>Hindistan Cevizi Ya\u011f\u0131<br \/><a href=\"https:\/\/aridamlasi.com\/hindistan-cevizi-yagi-20-ml\/\">https:\/\/aridamlasi.com\/hindistan-cevizi-yagi-20-ml\/<\/a><br \/>hide<\/p>\n<p><img decoding=\"async\" src=\"https:\/\/aridamlasi.com\/wp-content\/uploads\/2022\/03\/Corekotu-Yagi-50m.png\" alt=\"Corekotu-Yagi-50m\" \/><br \/>\u00c7\u00f6rek Otu Ya\u011f\u0131<br \/><a href=\"https:\/\/aridamlasi.com\/corekotu-yagi-250-ml\/\">https:\/\/aridamlasi.com\/corekotu-yagi-250-ml\/<\/a><br \/>hide<\/p>\n<p><img decoding=\"async\" src=\"https:\/\/aridamlasi.com\/wp-content\/uploads\/2022\/03\/Aspir-Yagi-20.png\" alt=\"Aspir-Yagi-20\" \/><br \/>Aspir Ya\u011f\u0131<br \/><a href=\"https:\/\/aridamlasi.com\/aspir-yagi-250-ml\/\">https:\/\/aridamlasi.com\/aspir-yagi-250-ml\/<\/a><br \/>hide<\/p>\n<p><img decoding=\"async\" src=\"https:\/\/aridamlasi.com\/wp-content\/uploads\/2022\/12\/Isirgan-Yagi-20.png\" alt=\"Isirgan Yagi 20\" \/><br \/>Is\u0131rgan Tohumu Ya\u011f\u0131<br \/><a href=\"https:\/\/aridamlasi.com\/isirgan-tohumu-yagi\/\">https:\/\/aridamlasi.com\/isirgan-tohumu-yagi\/<\/a><br \/>hide<\/p>\n<p><img decoding=\"async\" src=\"https:\/\/aridamlasi.com\/wp-content\/uploads\/2022\/03\/Bugday-Yagi-20.png\" alt=\"Bugday-Yagi-20\" \/><br \/>Bu\u011fday Ya\u011f\u0131<br \/><a href=\"https:\/\/aridamlasi.com\/bugday-yagi\/\">https:\/\/aridamlasi.com\/bugday-yagi\/<\/a><br \/>hide<\/p>\n<p><img decoding=\"async\" src=\"https:\/\/aridamlasi.com\/wp-content\/uploads\/2022\/03\/Papatya-Yagi-20.png\" alt=\"Papatya-Yagi-20\" \/><br \/>Papatya Ya\u011f\u0131<br \/><a href=\"https:\/\/aridamlasi.com\/papatya-yagi\/\">https:\/\/aridamlasi.com\/papatya-yagi\/<\/a><br \/>hide<\/p>\n<p><img decoding=\"async\" src=\"https:\/\/aridamlasi.com\/wp-content\/uploads\/2022\/03\/Biberiye-Yagi-20.png\" alt=\"Biberiye-Yagi-20\" \/><br \/>Biberiye Ya\u011f\u0131<br \/><a href=\"https:\/\/aridamlasi.com\/biberiye-yagi\/\">https:\/\/aridamlasi.com\/biberiye-yagi\/<\/a><br \/>hide<\/p>\n<p><img decoding=\"async\" src=\"https:\/\/aridamlasi.com\/wp-content\/uploads\/2022\/03\/Tarcin-Yagi-20.png\" alt=\"Tarcin-Yagi-20\" \/><br \/>Tar\u00e7\u0131n Ya\u011f\u0131<br \/><a href=\"https:\/\/aridamlasi.com\/tarcin-yagi\/\">https:\/\/aridamlasi.com\/tarcin-yagi\/<\/a><br \/>hide<\/p>\n<p><img decoding=\"async\" src=\"https:\/\/aridamlasi.com\/wp-content\/uploads\/2022\/03\/Gastro-Life.png\" alt=\"Gastro-Life\" \/><br \/>Kudret Nar\u0131 Ya\u011fl\u0131 Bitkisel Ya\u011f Kar\u0131\u015f\u0131m\u0131<br \/><a href=\"https:\/\/aridamlasi.com\/kudret-nari-yagli-bitkisel-yag-karisimi\/\">https:\/\/aridamlasi.com\/kudret-nari-yagli-bitkisel-yag-karisimi\/<\/a><br \/>hide<\/p>\n<p><img decoding=\"async\" src=\"https:\/\/aridamlasi.com\/wp-content\/uploads\/2022\/03\/Havuc-Yagi-20.png\" alt=\"Havuc-Yagi-20\" \/><br \/>Havu\u00e7 Tohumu Ya\u011f\u0131<br \/><a href=\"https:\/\/aridamlasi.com\/havuc-tohumu-yagi\/\">https:\/\/aridamlasi.com\/havuc-tohumu-yagi\/<\/a><br \/>hide<\/p>\n<p><img decoding=\"async\" src=\"https:\/\/aridamlasi.com\/wp-content\/uploads\/2022\/03\/Bugday-Yagi-20.png\" alt=\"Bugday-Yagi-20\" \/><br \/>Yaban \u0130\u011fdesi Ya\u011f\u0131<br \/><a href=\"https:\/\/aridamlasi.com\/yaban-igdesi-yagi\/\">https:\/\/aridamlasi.com\/yaban-igdesi-yagi\/<\/a><br \/>hide<\/p>\n<p><img decoding=\"async\" src=\"https:\/\/aridamlasi.com\/wp-content\/uploads\/2022\/03\/Lavanta-Yagi-20.png\" alt=\"Lavanta-Yagi-20\" \/><br \/>Lavanta Ya\u011f\u0131<br \/><a href=\"https:\/\/aridamlasi.com\/lavanta-yagi\/\">https:\/\/aridamlasi.com\/lavanta-yagi\/<\/a><br \/>hide<\/p>\n<p><img decoding=\"async\" src=\"https:\/\/aridamlasi.com\/wp-content\/uploads\/2022\/03\/Portakal-Kabugu-Yagi-20.png\" alt=\"Portakal-Kabugu-Yagi-20\" \/><br \/>Portakal Kabu\u011fu Ya\u011f\u0131<br \/><a href=\"https:\/\/aridamlasi.com\/portakal-kabugu-yagi\">https:\/\/aridamlasi.com\/portakal-kabugu-yagi<\/a><br \/>hide<\/p>\n<p><img decoding=\"async\" src=\"https:\/\/aridamlasi.com\/wp-content\/uploads\/2022\/03\/Ardic-Yagi-20.png\" alt=\"Ardic-Yagi-20\" \/><br \/>Ard\u0131\u00e7 Tohumu Ya\u011f\u0131<br \/><a href=\"https:\/\/aridamlasi.com\/ardic-tohumu-yagi\/\">https:\/\/aridamlasi.com\/ardic-tohumu-yagi\/<\/a><br \/>hide<\/p>\n<p><img decoding=\"async\" src=\"https:\/\/aridamlasi.com\/wp-content\/uploads\/2022\/03\/Kekik-Yagi-20.png\" alt=\"Kekik-Yagi-20\" \/><br \/>Kekik Ya\u011f\u0131<br \/><a href=\"https:\/\/aridamlasi.com\/kekik-yagi\/\">https:\/\/aridamlasi.com\/kekik-yagi\/<\/a><br \/>hide<\/p>\n<p><img decoding=\"async\" src=\"https:\/\/aridamlasi.com\/wp-content\/uploads\/2022\/03\/Karanfil-Yagi-20.png\" alt=\"Karanfil-Yagi-20\" \/><br \/>Karanfil Ya\u011f\u0131<br \/><a href=\"https:\/\/aridamlasi.com\/karanfil-yagi\/\">https:\/\/aridamlasi.com\/karanfil-yagi\/<\/a><br \/>hide<\/p>\n<p><img decoding=\"async\" src=\"https:\/\/aridamlasi.com\/wp-content\/uploads\/2022\/03\/Nane-Yagi-20.png\" alt=\"Nane-Yagi-20\" \/><br \/>Nane Ya\u011f\u0131<br \/><a href=\"https:\/\/aridamlasi.com\/nane-yagi\/\">https:\/\/aridamlasi.com\/nane-yagi\/<\/a><br \/>hide<\/p>\n<p><img decoding=\"async\" src=\"https:\/\/aridamlasi.com\/wp-content\/uploads\/2022\/03\/Limon-Kabugu-Yagi-20.png\" alt=\"Limon-Kabugu-Yagi-20\" \/><br \/>Limon Kabu\u011fu Ya\u011f\u0131<br \/><a href=\"https:\/\/aridamlasi.com\/limon-kabugu-yagi\/\">https:\/\/aridamlasi.com\/limon-kabugu-yagi\/<\/a><br \/>hide<\/p>\n<p><img decoding=\"async\" src=\"https:\/\/aridamlasi.com\/wp-content\/uploads\/2022\/03\/Adacayi-Yagi-20.png\" alt=\"Adacayi-Yagi-20\" \/><br \/>Ada\u00e7ay\u0131 Ya\u011f\u0131<br \/><a href=\"https:\/\/aridamlasi.com\/adacayi-yagi\/\">https:\/\/aridamlasi.com\/adacayi-yagi\/<\/a><br \/>hide<\/p>\n<p><img decoding=\"async\" src=\"https:\/\/aridamlasi.com\/wp-content\/uploads\/2022\/03\/Okaliptus-Yagi-20.png\" alt=\"Okaliptus-Yagi-20\" \/><br \/>\u00d6kaliptus Ya\u011f\u0131<br \/><a href=\"https:\/\/aridamlasi.com\/okaliptus-yagi\/\">https:\/\/aridamlasi.com\/okaliptus-yagi\/<\/a><br \/>hide<\/p>\n<p><img decoding=\"async\" src=\"https:\/\/aridamlasi.com\/wp-content\/uploads\/2022\/03\/Kabak-Yagi-20.png\" alt=\"Kabak-Yagi-20\" \/><br \/>Kabak \u00c7ekirde\u011fi Ya\u011f\u0131<br \/><a href=\"https:\/\/aridamlasi.com\/kabak-cekirdegi-yagi\/\">https:\/\/aridamlasi.com\/kabak-cekirdegi-yagi\/<\/a><br \/>hide<\/p>\n<p><img decoding=\"async\" src=\"https:\/\/aridamlasi.com\/wp-content\/uploads\/2022\/03\/Argan-Yagi-20.png\" alt=\"Argan-Yagi-20\" \/><br \/>Argan Ya\u011f\u0131<br \/><a href=\"https:\/\/aridamlasi.com\/argan-yagi\/\">https:\/\/aridamlasi.com\/argan-yagi\/<\/a><br \/>hide<\/p>\n<p><img decoding=\"async\" src=\"https:\/\/aridamlasi.com\/wp-content\/uploads\/2022\/03\/At-Kestanesi-Yagi-20.png\" alt=\"At-Kestanesi-Yagi-20\" \/><br \/>At Kestanesi Ya\u011f\u0131<br \/><a href=\"https:\/\/aridamlasi.com\/at-kestanesi-yagi\/\">https:\/\/aridamlasi.com\/at-kestanesi-yagi\/<\/a><br \/>hide<\/p>\n<p><img decoding=\"async\" src=\"https:\/\/aridamlasi.com\/wp-content\/uploads\/2022\/03\/Nar-Yagi-20.png\" alt=\"Nar-Yagi-20\" \/><br \/>Nar \u00c7ekirde\u011fi Ya\u011f\u0131<br \/><a href=\"https:\/\/aridamlasi.com\/nar-cekirdegi-yagi\/\">https:\/\/aridamlasi.com\/nar-cekirdegi-yagi\/<\/a><br \/>hide<\/p>\n<p><img decoding=\"async\" src=\"https:\/\/aridamlasi.com\/wp-content\/uploads\/2022\/03\/Kayisi-Yagi-20.png\" alt=\"Kayisi-Yagi-20\" \/><br \/>Kay\u0131s\u0131 \u00c7ekirde\u011fi Ya\u011f\u0131<br \/><a href=\"https:\/\/aridamlasi.com\/kayisi-cekirdegi-yagi\/\">https:\/\/aridamlasi.com\/kayisi-cekirdegi-yagi\/<\/a><br \/>hide<\/p>\n<p><img decoding=\"async\" src=\"https:\/\/aridamlasi.com\/wp-content\/uploads\/2022\/03\/Avokado-Yagi-20.png\" alt=\"Avokado-Yagi-20\" \/><br \/>Avokado Ya\u011f\u0131<br \/><a href=\"https:\/\/aridamlasi.com\/avokado-yagi\/\">https:\/\/aridamlasi.com\/avokado-yagi\/<\/a><br \/>hide<\/p>\n<p><img decoding=\"async\" src=\"https:\/\/aridamlasi.com\/wp-content\/uploads\/2022\/03\/Kusburnu-Yagi-20.png\" alt=\"Kusburnu-Yagi-20\" \/><br \/>Ku\u015fburnu Ya\u011f\u0131<br \/><a href=\"https:\/\/aridamlasi.com\/kusburnu-yagi\/\">https:\/\/aridamlasi.com\/kusburnu-yagi\/<\/a><br \/>hide<\/p>\n<p><img decoding=\"async\" src=\"https:\/\/aridamlasi.com\/wp-content\/uploads\/2022\/03\/Sarimsak-Yagi-20.png\" alt=\"Sarimsak-Yagi-20\" \/><br \/>Sar\u0131msak Ya\u011f\u0131<br \/><a href=\"https:\/\/aridamlasi.com\/sarimsak-yagi\/\">https:\/\/aridamlasi.com\/sarimsak-yagi\/<\/a><br \/>hide<\/p>\n<p><img decoding=\"async\" src=\"https:\/\/aridamlasi.com\/wp-content\/uploads\/2022\/03\/Gul-Yagi-20.png\" alt=\"Gul-Yagi-20\" \/><br \/>G\u00fcl Aromas\u0131<br \/><a href=\"https:\/\/aridamlasi.com\/gul-aromasi\/\">https:\/\/aridamlasi.com\/gul-aromasi\/<\/a><br \/>hide<\/p>\n<p><img decoding=\"async\" src=\"https:\/\/aridamlasi.com\/wp-content\/uploads\/2022\/03\/Tamanu-Yagi-20.png\" alt=\"Tamanu-Yagi-20\" \/><br \/>Tamanu Ya\u011f\u0131<br \/><a href=\"https:\/\/aridamlasi.com\/tamanu-yagi-20-ml\/\">https:\/\/aridamlasi.com\/tamanu-yagi-20-ml\/<\/a><br \/>hide<\/p>\n<p><img decoding=\"async\" src=\"https:\/\/aridamlasi.com\/wp-content\/uploads\/2022\/03\/Jojoba-Yagi-20.png\" alt=\"Jojoba-Yagi-20\" \/><br \/>Jojoba Ya\u011f\u0131<br \/><a href=\"https:\/\/aridamlasi.com\/jojoba-yagi-20-ml\/\">https:\/\/aridamlasi.com\/jojoba-yagi-20-ml\/<\/a><br \/>hide<\/p>\n<p><img decoding=\"async\" src=\"https:\/\/aridamlasi.com\/wp-content\/uploads\/2022\/03\/Aloe-Vera-Yagi-20.png\" alt=\"Aloe-Vera-Yagi-20\" \/><br \/>Aloe Vera Ya\u011f\u0131<br \/><a href=\"https:\/\/aridamlasi.com\/aloe-vera-yagi-20-ml\/\">https:\/\/aridamlasi.com\/aloe-vera-yagi-20-ml\/<\/a><br \/>hide<\/p>\n<p><img decoding=\"async\" src=\"https:\/\/aridamlasi.com\/wp-content\/uploads\/2022\/03\/Cay-Agaci-Yagi-20.png\" alt=\"Cay-Agaci-Yagi-20\" \/><br \/>\u00c7ay A\u011fac\u0131 Ya\u011f\u0131<br \/><a href=\"https:\/\/aridamlasi.com\/cay-agaci-yagi-20-ml\/\">https:\/\/aridamlasi.com\/cay-agaci-yagi-20-ml\/<\/a><br \/>hide<\/p>\n<p><img decoding=\"async\" src=\"https:\/\/aridamlasi.com\/wp-content\/uploads\/2022\/03\/Alabalik-Yagi-50.png\" alt=\"Alabalik-Yagi-50\" \/><br \/>Alabal\u0131k Ya\u011f\u0131<br \/><a href=\"https:\/\/aridamlasi.com\/alabalik-yagi-50-ml\/\">https:\/\/aridamlasi.com\/alabalik-yagi-50-ml\/<\/a><br \/>hide<\/p>\n<p><img decoding=\"async\" src=\"https:\/\/aridamlasi.com\/wp-content\/uploads\/2022\/03\/Hint-Yagi-50.png\" alt=\"\" \/><br \/>Hint Ya\u011f\u0131<br \/><a href=\"https:\/\/aridamlasi.com\/hint-yagi-50-ml\/\">https:\/\/aridamlasi.com\/hint-yagi-50-ml\/<\/a><br \/>hide<\/p>\n<p><img decoding=\"async\" src=\"https:\/\/aridamlasi.com\/wp-content\/uploads\/2022\/03\/Kenevir-Yagi-50.png\" alt=\"Kenevir-Yagi-50\" \/><br \/>Kenervir Tohumu Ya\u011f\u0131<br \/><a href=\"https:\/\/aridamlasi.com\/kenevir-tohumu-yagi\/\">https:\/\/aridamlasi.com\/kenevir-tohumu-yagi\/<\/a><br \/>hide<\/p>\n<p><img decoding=\"async\" src=\"https:\/\/aridamlasi.com\/wp-content\/uploads\/2022\/03\/Keten-Tohumu-Yagi-50.png\" alt=\"Keten-Tohumu-Yagi-50\" \/><br \/>Keten Tohumu Ya\u011f\u0131<br \/><a href=\"https:\/\/aridamlasi.com\/keten-tohumu-yagi-250-ml\/\">https:\/\/aridamlasi.com\/keten-tohumu-yagi-250-ml\/<\/a><br \/>hide<\/p>\n<p><img decoding=\"async\" src=\"https:\/\/aridamlasi.com\/wp-content\/uploads\/2022\/03\/Kakao-Yagi-50.png\" alt=\"Kakao-Yagi-50\" \/><br \/>Kakao Ya\u011f\u0131<br \/><a href=\"https:\/\/aridamlasi.com\/kakao-yagi\/\">https:\/\/aridamlasi.com\/kakao-yagi\/<\/a><br \/>hide<\/p>\n<p><img decoding=\"async\" src=\"https:\/\/aridamlasi.com\/wp-content\/uploads\/2022\/03\/Uzum-Cekirdegi-Yagi-50.png\" alt=\"Uzum-Cekirdegi-Yagi-50\" \/><br \/>\u00dcz\u00fcm \u00c7ekirde\u011fi Ya\u011f\u0131<br \/><a href=\"https:\/\/aridamlasi.com\/uzum-cekirdegi-yagi\/\">https:\/\/aridamlasi.com\/uzum-cekirdegi-yagi\/<\/a><br \/>hide<\/p>\n<p><img decoding=\"async\" src=\"https:\/\/aridamlasi.com\/wp-content\/uploads\/2022\/03\/Findik-Yagi-50.png\" alt=\"Findik-Yagi-50\" \/><br \/>F\u0131nd\u0131k Ya\u011f\u0131<br \/><a href=\"https:\/\/aridamlasi.com\/findik-yagi\/\">https:\/\/aridamlasi.com\/findik-yagi\/<\/a><br \/>hide<\/p>\n<p><img decoding=\"async\" src=\"https:\/\/aridamlasi.com\/wp-content\/uploads\/2022\/03\/Defne-Tohumu-Yagi-50.png\" alt=\"Defne-Tohumu-Yagi-50\" \/><br \/>Defne Tohumu Ya\u011f\u0131<br \/><a href=\"https:\/\/aridamlasi.com\/defne-tohumu-yagi\/\">https:\/\/aridamlasi.com\/defne-tohumu-yagi\/<\/a><br \/>hide<\/p>\n<p><img decoding=\"async\" src=\"https:\/\/aridamlasi.com\/wp-content\/uploads\/2022\/03\/Ceviz-Yagi-50.png\" alt=\"Ceviz-Yagi-50\" \/><br \/>Ceviz Ya\u011f\u0131<br \/><a href=\"https:\/\/aridamlasi.com\/ceviz-yagi\/\">https:\/\/aridamlasi.com\/ceviz-yagi\/<\/a><br \/>hide<\/p>\n<p><img decoding=\"async\" src=\"https:\/\/aridamlasi.com\/wp-content\/uploads\/2022\/03\/Sari-Kantaron-Yagi-50ml.png\" alt=\"Sari-Kantaron-Yagi-50ml\" \/><br \/>Sar\u0131 Kantaron Ya\u011f\u0131<br \/><a href=\"https:\/\/aridamlasi.com\/sari-kantaron-yagi\/\">https:\/\/aridamlasi.com\/sari-kantaron-yagi\/<\/a><br \/>hide<\/p>\n<p><img decoding=\"async\" src=\"https:\/\/aridamlasi.com\/wp-content\/uploads\/2022\/03\/Zeytin-Yagi-50.png\" alt=\"Zeytin-Yagi-50\" \/><br \/>Zeytin Ya\u011f\u0131<br \/>hide<\/p>\n","protected":false},"excerpt":{"rendered":"<p>Bitkisel Ya\u011flarlinehide Tatl\u0131 Badem Ya\u011f\u0131https:\/\/aridamlasi.com\/tatli-badem-yagi-50-ml\/hide Susam Ya\u011f\u0131https:\/\/aridamlasi.com\/susam-yagi-250-ml-2\/hide Kabak \u00c7ekirde\u011fi Ya\u011f\u0131https:\/\/aridamlasi.com\/kabak-cekirdegi-yagi-250-ml\/hide Hindistan Cevizi Ya\u011f\u0131https:\/\/aridamlasi.com\/hindistan-cevizi-yagi-20-ml\/hide \u00c7\u00f6rek Otu Ya\u011f\u0131https:\/\/aridamlasi.com\/corekotu-yagi-250-ml\/hide Aspir Ya\u011f\u0131https:\/\/aridamlasi.com\/aspir-yagi-250-ml\/hide Is\u0131rgan Tohumu Ya\u011f\u0131https:\/\/aridamlasi.com\/isirgan-tohumu-yagi\/hide Bu\u011fday Ya\u011f\u0131https:\/\/aridamlasi.com\/bugday-yagi\/hide Papatya Ya\u011f\u0131https:\/\/aridamlasi.com\/papatya-yagi\/hide Biberiye<span class=\"excerpt-hellip\"> [\u2026]<\/span><\/p>\n","protected":false},"author":1,"featured_media":0,"parent":0,"menu_order":0,"comment_status":"closed","ping_status":"closed","template":"","meta":{"_joinchat":[],"footnotes":""},"class_list":["post-5312","page","type-page","status-publish","hentry"],"_links":{"self":[{"href":"https:\/\/aridamlasi.com\/tr\/wp-json\/wp\/v2\/pages\/5312","targetHints":{"allow":["GET"]}}],"collection":[{"href":"https:\/\/aridamlasi.com\/tr\/wp-json\/wp\/v2\/pages"}],"about":[{"href":"https:\/\/aridamlasi.com\/tr\/wp-json\/wp\/v2\/types\/page"}],"author":[{"embeddable":true,"href":"https:\/\/aridamlasi.com\/tr\/wp-json\/wp\/v2\/users\/1"}],"replies":[{"embeddable":true,"href":"https:\/\/aridamlasi.com\/tr\/wp-json\/wp\/v2\/comments?post=5312"}],"version-history":[{"count":0,"href":"https:\/\/aridamlasi.com\/tr\/wp-json\/wp\/v2\/pages\/5312\/revisions"}],"wp:attachment":[{"href":"https:\/\/aridamlasi.com\/tr\/wp-json\/wp\/v2\/media?parent=5312"}],"curies":[{"name":"wp","href":"https:\/\/api.w.org\/{rel}","templated":true}]}}