{"id":5318,"date":"2023-04-17T16:14:15","date_gmt":"2023-04-17T13:14:15","guid":{"rendered":"https:\/\/aridamlasi.fedze.com\/?page_id=5318"},"modified":"2023-05-04T17:19:18","modified_gmt":"2023-05-04T14:19:18","slug":"bitkisel-caylar","status":"publish","type":"page","link":"https:\/\/aridamlasi.com\/tr\/bitkisel-caylar\/","title":{"rendered":"Bitkisel \u00c7aylar"},"content":{"rendered":"<p>Bitkisel \u00c7aylar<br \/>line<br \/>hide<\/p>\n<p><img decoding=\"async\" src=\"https:\/\/aridamlasi.com\/wp-content\/uploads\/2022\/12\/L-Karnitinli-Cay.png\" alt=\"L-Karnitinli \u00c7ay\" \/><br \/>L-Karnitinli Kar\u0131\u015f\u0131k Bitki \u00c7ay\u0131<br \/><a href=\"https:\/\/aridamlasi.com\/l-karnitinli-karisik-bitki-cayi\/\">https:\/\/aridamlasi.com\/l-karnitinli-karisik-bitki-cayi\/<\/a><br \/>hide<\/p>\n","protected":false},"excerpt":{"rendered":"<p>Bitkisel \u00c7aylarlinehide L-Karnitinli Kar\u0131\u015f\u0131k Bitki \u00c7ay\u0131https:\/\/aridamlasi.com\/l-karnitinli-karisik-bitki-cayi\/hide<\/p>\n","protected":false},"author":1,"featured_media":0,"parent":0,"menu_order":0,"comment_status":"closed","ping_status":"closed","template":"","meta":{"_joinchat":[],"footnotes":""},"class_list":["post-5318","page","type-page","status-publish","hentry"],"_links":{"self":[{"href":"https:\/\/aridamlasi.com\/tr\/wp-json\/wp\/v2\/pages\/5318","targetHints":{"allow":["GET"]}}],"collection":[{"href":"https:\/\/aridamlasi.com\/tr\/wp-json\/wp\/v2\/pages"}],"about":[{"href":"https:\/\/aridamlasi.com\/tr\/wp-json\/wp\/v2\/types\/page"}],"author":[{"embeddable":true,"href":"https:\/\/aridamlasi.com\/tr\/wp-json\/wp\/v2\/users\/1"}],"replies":[{"embeddable":true,"href":"https:\/\/aridamlasi.com\/tr\/wp-json\/wp\/v2\/comments?post=5318"}],"version-history":[{"count":0,"href":"https:\/\/aridamlasi.com\/tr\/wp-json\/wp\/v2\/pages\/5318\/revisions"}],"wp:attachment":[{"href":"https:\/\/aridamlasi.com\/tr\/wp-json\/wp\/v2\/media?parent=5318"}],"curies":[{"name":"wp","href":"https:\/\/api.w.org\/{rel}","templated":true}]}}