{"id":5354,"date":"2023-04-24T11:04:05","date_gmt":"2023-04-24T08:04:05","guid":{"rendered":"https:\/\/aridamlasi.fedze.com\/?page_id=5354"},"modified":"2023-05-05T14:20:13","modified_gmt":"2023-05-05T11:20:13","slug":"kudret-nari-yagi-iceren-takviye-edici-gida-2","status":"publish","type":"page","link":"https:\/\/aridamlasi.com\/tr\/kudret-nari-yagi-iceren-takviye-edici-gida-2\/","title":{"rendered":"Kudret Nar\u0131 Ya\u011f\u0131 \u0130\u00e7eren Takviye Edici G\u0131da"},"content":{"rendered":"","protected":false},"excerpt":{"rendered":"","protected":false},"author":1,"featured_media":0,"parent":0,"menu_order":0,"comment_status":"closed","ping_status":"closed","template":"","meta":{"_joinchat":[],"footnotes":""},"class_list":["post-5354","page","type-page","status-publish","hentry"],"_links":{"self":[{"href":"https:\/\/aridamlasi.com\/tr\/wp-json\/wp\/v2\/pages\/5354","targetHints":{"allow":["GET"]}}],"collection":[{"href":"https:\/\/aridamlasi.com\/tr\/wp-json\/wp\/v2\/pages"}],"about":[{"href":"https:\/\/aridamlasi.com\/tr\/wp-json\/wp\/v2\/types\/page"}],"author":[{"embeddable":true,"href":"https:\/\/aridamlasi.com\/tr\/wp-json\/wp\/v2\/users\/1"}],"replies":[{"embeddable":true,"href":"https:\/\/aridamlasi.com\/tr\/wp-json\/wp\/v2\/comments?post=5354"}],"version-history":[{"count":0,"href":"https:\/\/aridamlasi.com\/tr\/wp-json\/wp\/v2\/pages\/5354\/revisions"}],"wp:attachment":[{"href":"https:\/\/aridamlasi.com\/tr\/wp-json\/wp\/v2\/media?parent=5354"}],"curies":[{"name":"wp","href":"https:\/\/api.w.org\/{rel}","templated":true}]}}