{"id":5356,"date":"2023-04-24T11:08:55","date_gmt":"2023-04-24T08:08:55","guid":{"rendered":"https:\/\/aridamlasi.fedze.com\/?page_id=5356"},"modified":"2023-05-05T15:17:39","modified_gmt":"2023-05-05T12:17:39","slug":"propolis-ekstresi-iceren-sivi-takviye-edici-gida-30-ml-2","status":"publish","type":"page","link":"https:\/\/aridamlasi.com\/tr\/propolis-ekstresi-iceren-sivi-takviye-edici-gida-30-ml-2\/","title":{"rendered":"Propolis Ekstresi \u0130\u00e7eren S\u0131v\u0131 Takviye Edici G\u0131da 30 mL"},"content":{"rendered":"","protected":false},"excerpt":{"rendered":"","protected":false},"author":1,"featured_media":0,"parent":0,"menu_order":0,"comment_status":"closed","ping_status":"closed","template":"","meta":{"_joinchat":[],"footnotes":""},"class_list":["post-5356","page","type-page","status-publish","hentry"],"_links":{"self":[{"href":"https:\/\/aridamlasi.com\/tr\/wp-json\/wp\/v2\/pages\/5356","targetHints":{"allow":["GET"]}}],"collection":[{"href":"https:\/\/aridamlasi.com\/tr\/wp-json\/wp\/v2\/pages"}],"about":[{"href":"https:\/\/aridamlasi.com\/tr\/wp-json\/wp\/v2\/types\/page"}],"author":[{"embeddable":true,"href":"https:\/\/aridamlasi.com\/tr\/wp-json\/wp\/v2\/users\/1"}],"replies":[{"embeddable":true,"href":"https:\/\/aridamlasi.com\/tr\/wp-json\/wp\/v2\/comments?post=5356"}],"version-history":[{"count":0,"href":"https:\/\/aridamlasi.com\/tr\/wp-json\/wp\/v2\/pages\/5356\/revisions"}],"wp:attachment":[{"href":"https:\/\/aridamlasi.com\/tr\/wp-json\/wp\/v2\/media?parent=5356"}],"curies":[{"name":"wp","href":"https:\/\/api.w.org\/{rel}","templated":true}]}}