{"id":5360,"date":"2023-04-24T15:54:49","date_gmt":"2023-04-24T12:54:49","guid":{"rendered":"https:\/\/aridamlasi.fedze.com\/?page_id=5360"},"modified":"2023-06-21T11:23:41","modified_gmt":"2023-06-21T08:23:41","slug":"kudret-nari-ekstraktli-bitkisel-karisim","status":"publish","type":"page","link":"https:\/\/aridamlasi.com\/tr\/kudret-nari-ekstraktli-bitkisel-karisim\/","title":{"rendered":"Kudret Nar\u0131 Ekstraktl\u0131 Bitkisel Kar\u0131\u015f\u0131m"},"content":{"rendered":"<p>Kudret Nar\u0131 Ekstraktl\u0131 Bitkisel Kar\u0131\u015f\u0131m<br \/>\nline<br \/>\nARI DAMLASI<br \/>\nhide<\/p>\n<p><img decoding=\"async\" src=\"https:\/\/aridamlasi.com\/wp-content\/uploads\/2022\/03\/Kudret-Nari-230g.png\" alt=\"Kudret-Nari-230g\" \/><br \/>\nfull<br \/>\ncontain<br \/>\ncenter center<br \/>\nhide<\/p>\n<p>Yelpaze \u015feklinde, loplu, kenarlar\u0131 di\u015fli yapraklara sahiptir. \u00c7i\u00e7ekleri sar\u0131 renklidir. T\u00fcrkiye\u2019de genellikle Yalova ve Bursa civar\u0131nda yeti\u015ftirilmektedir. B\u00fct\u00fcn k\u0131s\u0131mlar\u0131 ve \u00f6z suyu \u00e7ok ac\u0131 olan meyve hamken ye\u015fil, olgunla\u015f\u0131nca turuncu-k\u0131rm\u0131z\u0131 renkte, 10\u201320 cm uzunlu\u011funda, geni\u015f bir mekik sekline gelir. Girintili \u00e7\u0131k\u0131nt\u0131l\u0131 ve p\u00fcrt\u00fckl\u00fc bir y\u00fczeye sahiptir. Olgunla\u015f\u0131nca, kabu\u011fu geriye b\u00fck\u00fcld\u00fc\u011f\u00fcnde \u00e7ok say\u0131da, k\u0131rm\u0131z\u0131, kahverengi veya beyaz renkli \u00e7ekirdekleri ortaya \u00e7\u0131kar. Tohumlar\u0131 (\u00e7ekirdekleri) 7-10mm boyunda, yass\u0131 ve p\u00fct\u00fcrl\u00fcd\u00fcr.Sar\u0131 Kantaron\u00a0(Hypericum perforatum),\u00a0K\u0131l\u0131\u00e7 otu,\u00a0Mayas\u0131l otu\u00a0ve\u00a0Koyunk\u0131ran\u00a0olarak da bilinir,\u00a0sar\u0131 kantarongiller\u00a0(Hypericaceae)\u00a0familyas\u0131na\u00a0dahil bir\u00a0bitki t\u00fcr\u00fc. Esas olarak d\u00fcnyan\u0131n bir\u00e7ok yerinde bulunan bir bitkidir.\u00a0Avrupa\u2019da tarla, yol ve\u00a0orman\u00a0kenarlar\u0131nda kendili\u011finden yeti\u015fen bitki\u00a0Kuzey Amerika\u2019ya da uyum sa\u011flam\u0131\u015f ve do\u011fal olarak k\u0131rlarda yeti\u015fmeye ba\u015flam\u0131\u015ft\u0131r. Hiperisin ve ps\u00f6dohiperisin gibi bile\u015fikler bitkinin karakteristik bile\u015fenleridir.Propolis,\u00a0k\u0131saca ar\u0131lar\u0131n belirli bitki ve a\u011fa\u00e7lar\u0131n yaprak, tomurcuk ve g\u00f6vdelerinden toplad\u0131klar\u0131 salg\u0131lar\u0131 kendi enzimleri ile i\u015fleyerek \u00fcretti\u011fi re\u00e7inemsi bir madde olarak tan\u0131mlan\u0131yor. Ar\u0131lar, bu maddeyi kovanlar\u0131n\u0131 yabanc\u0131 maddelerden, \u00e7e\u015fitli bakterilerden ve mantarlardan korumak i\u00e7in \u00fcretiyor. Ayr\u0131ca propolis, ar\u0131lar taraf\u0131ndan kovandaki \u00e7atlaklar\u0131 onarmak ve petekleri sa\u011flamla\u015ft\u0131rmak i\u00e7in g\u00fc\u00e7l\u00fc bir yap\u0131 malzemesi olarak da kullan\u0131l\u0131yor. Rengi ye\u015filden k\u0131rm\u0131z\u0131 ve kahverengiye kadar de\u011fi\u015febilen propolis, kendine \u00f6zg\u00fc bir kokuya sahiptir. So\u011fukta k\u0131r\u0131lgan ve sert, s\u0131cakta ise yap\u0131\u015fkand\u0131r.<br \/>\nhide<\/p>\n","protected":false},"excerpt":{"rendered":"<p>Kudret Nar\u0131 Ekstraktl\u0131 Bitkisel Kar\u0131\u015f\u0131m line ARI DAMLASI hide full contain center center hide Yelpaze \u015feklinde, loplu, kenarlar\u0131 di\u015fli yapraklara sahiptir. \u00c7i\u00e7ekleri sar\u0131 renklidir. T\u00fcrkiye\u2019de genellikle<span class=\"excerpt-hellip\"> [\u2026]<\/span><\/p>\n","protected":false},"author":1,"featured_media":0,"parent":0,"menu_order":0,"comment_status":"closed","ping_status":"closed","template":"","meta":{"_joinchat":[],"footnotes":""},"class_list":["post-5360","page","type-page","status-publish","hentry"],"_links":{"self":[{"href":"https:\/\/aridamlasi.com\/tr\/wp-json\/wp\/v2\/pages\/5360","targetHints":{"allow":["GET"]}}],"collection":[{"href":"https:\/\/aridamlasi.com\/tr\/wp-json\/wp\/v2\/pages"}],"about":[{"href":"https:\/\/aridamlasi.com\/tr\/wp-json\/wp\/v2\/types\/page"}],"author":[{"embeddable":true,"href":"https:\/\/aridamlasi.com\/tr\/wp-json\/wp\/v2\/users\/1"}],"replies":[{"embeddable":true,"href":"https:\/\/aridamlasi.com\/tr\/wp-json\/wp\/v2\/comments?post=5360"}],"version-history":[{"count":0,"href":"https:\/\/aridamlasi.com\/tr\/wp-json\/wp\/v2\/pages\/5360\/revisions"}],"wp:attachment":[{"href":"https:\/\/aridamlasi.com\/tr\/wp-json\/wp\/v2\/media?parent=5360"}],"curies":[{"name":"wp","href":"https:\/\/api.w.org\/{rel}","templated":true}]}}