{"id":5364,"date":"2023-04-24T17:29:53","date_gmt":"2023-04-24T14:29:53","guid":{"rendered":"https:\/\/aridamlasi.fedze.com\/?page_id=5364"},"modified":"2023-06-21T11:18:32","modified_gmt":"2023-06-21T08:18:32","slug":"zencefil-ekstraktli-bitkisel-karisim-450-g","status":"publish","type":"page","link":"https:\/\/aridamlasi.com\/tr\/zencefil-ekstraktli-bitkisel-karisim-450-g\/","title":{"rendered":"Zencefil Ekstraktl\u0131 Bitkisel Kar\u0131\u015f\u0131m 450 g"},"content":{"rendered":"<p>Zencefil Ekstraktl\u0131 Bitkisel Kar\u0131\u015f\u0131m<br \/>\nZencefil (Zingiber officinale), zencefilgiller familyas\u0131ndan bir metreye kadar boylanabilen, ince-uzun yaprakl\u0131, sar\u0131-k\u0131rm\u0131z\u0131 renklerde \u00e7i\u00e7ekler a\u00e7an, k\u00f6k yumrular\u0131 baharat ve ila\u00e7 olarak kullan\u0131lan, \u00e7ok y\u0131ll\u0131k bir bitkidir.<br \/>\nline<br \/>\nARI DAMLASI<br \/>\nhide<\/p>\n<p><img decoding=\"async\" src=\"https:\/\/aridamlasi.com\/wp-content\/uploads\/2022\/03\/Zencefilli-230-AD.png\" alt=\"Zencefilli-230-AD\" \/><br \/>\nfull<br \/>\ncontain<br \/>\ncenter center<br \/>\nhide<\/p>\n<p>Zencefil\u00a0(Zingiber officinale),\u00a0zencefilgiller\u00a0familyas\u0131ndan bir metreye kadar boylanabilen, ince-uzun yaprakl\u0131, sar\u0131-k\u0131rm\u0131z\u0131 renklerde \u00e7i\u00e7ekler a\u00e7an, k\u00f6k yumrular\u0131 baharat ve ila\u00e7 olarak kullan\u0131lan, \u00e7ok y\u0131ll\u0131k bir bitkidir. Ba\u015fta\u00a0\u00c7in\u00a0olmak \u00fczere,\u00a0Hindistan,\u00a0Endonezya,\u00a0Vietnam,\u00a0Japonya\u00a0gibi tropik ya da yar\u0131 tropik iklimlerde yeti\u015fir. D\u0131\u015f g\u00f6r\u00fcn\u00fc\u015f olarak\u00a0Yerelmas\u0131\u00a0ile ayn\u0131d\u0131r. Zencefil k\u00f6k\u00fcn\u00fcn bile\u015fiminde \u00f6nemli etken maddeler var. Taze zencefil etken madde bak\u0131m\u0131ndan daha zengin;\u00a0 kalsiyum, fosfor, demir, B ve C vitamini i\u00e7eriyor.Zerde\u00e7al\u00a0(Curcuma longa),\u00a0zencefilgiller\u00a0(Zingiberaceae) familyas\u0131ndan sar\u0131 \u00e7i\u00e7ekli, b\u00fcy\u00fck yaprakl\u0131, \u00e7ok y\u0131ll\u0131k otsu bir bitki\u00a0cinsidir.\u00a0Hint safran\u0131\u00a0olarak da bilinir. Anavatan\u0131\u00a0G\u00fcney Asya\u2019d\u0131r.Di\u011fer isimleri zerde\u00e7\u00f6p, safran k\u00f6k\u00fc, sar\u0131boya, zerde\u00e7av, hint safran\u0131d\u0131r. Ba\u015fta\u00a0Pakistan,\u00a0Hindistan,\u00a0\u00c7in\u00a0ve\u00a0Banglade\u015f\u00a0olmak \u00fczere Asya\u2019n\u0131n tropik b\u00f6lgelerinde yeti\u015fir. Bitkinin toprak alt\u0131ndaki ana\u00a0k\u00f6kleri\u00a0yumurta veya armut seklindedir. Yan k\u00f6kleri ise parmak \u015feklindedir. Rizomlar\u0131n \u00fcst y\u00fcz\u00fc sar\u0131ms\u0131, i\u00e7 y\u00fcz\u00fc ise sar\u0131 renklidir. Ac\u0131ms\u0131 bir tad\u0131 vard\u0131r.Hibisk\u00fcs (Hatmi \u00c7i\u00e7e\u011fi),\u00a0ebeg\u00fcmecigiller\u00a0(Malvaceae)\u00a0familyas\u0131ndan\u00a0bitki\u00a0t\u00fcr\u00fc. \u00a0\u00e7ok y\u0131ll\u0131k\u00a0bir bitki olmas\u0131na ra\u011fmen\u00a0y\u0131ll\u0131k\u00a0hasatla tohumdan \u00fcretilir.\u00a0Killi, ge\u00e7irgen topraklar\u0131 ve aslen\u00a0tropik\u00a0iklimleri\u00a0tercih eder. B\u00fcy\u00fcme evresinde, ortalama 2,5 desimetrelik ayl\u0131k ya\u011f\u0131\u015f ister. Sap ve yaprak rengi koyu ye\u015fille k\u0131z\u0131l\u0131mt\u0131rak aras\u0131nda de\u011fi\u015fir, yapraklar\u0131 \u00fc\u00e7 ila be\u015f bo\u011fumlu, 8 ila 15 santimetre uzunlu\u011fundad\u0131r; \u00e7i\u00e7ekleri kremsi beyaz ya da soluk sar\u0131 renkte olup 8 ila 10 santimetre \u00e7ap\u0131ndad\u0131r. \u00c7anak dibinde 1,5-2 santimetre \u00e7ap\u0131nda, \u00e7anak ucunda 3-3,5 santimetre \u00e7ap kesbeden \u00e7i\u00e7ek d\u0131\u015f \u00f6rt\u00fcs\u00fc, her birinin dibinde koyu k\u0131rm\u0131z\u0131 bir leke bulunan etli\u00a0\u00e7anak yapraklardan\u00a0olu\u015fur.<br \/>\nhide<\/p>\n","protected":false},"excerpt":{"rendered":"<p>Zencefil Ekstraktl\u0131 Bitkisel Kar\u0131\u015f\u0131m Zencefil (Zingiber officinale), zencefilgiller familyas\u0131ndan bir metreye kadar boylanabilen, ince-uzun yaprakl\u0131, sar\u0131-k\u0131rm\u0131z\u0131 renklerde \u00e7i\u00e7ekler a\u00e7an, k\u00f6k yumrular\u0131 baharat ve ila\u00e7 olarak kullan\u0131lan,<span class=\"excerpt-hellip\"> [\u2026]<\/span><\/p>\n","protected":false},"author":1,"featured_media":0,"parent":0,"menu_order":0,"comment_status":"closed","ping_status":"closed","template":"","meta":{"_joinchat":[],"footnotes":""},"class_list":["post-5364","page","type-page","status-publish","hentry"],"_links":{"self":[{"href":"https:\/\/aridamlasi.com\/tr\/wp-json\/wp\/v2\/pages\/5364","targetHints":{"allow":["GET"]}}],"collection":[{"href":"https:\/\/aridamlasi.com\/tr\/wp-json\/wp\/v2\/pages"}],"about":[{"href":"https:\/\/aridamlasi.com\/tr\/wp-json\/wp\/v2\/types\/page"}],"author":[{"embeddable":true,"href":"https:\/\/aridamlasi.com\/tr\/wp-json\/wp\/v2\/users\/1"}],"replies":[{"embeddable":true,"href":"https:\/\/aridamlasi.com\/tr\/wp-json\/wp\/v2\/comments?post=5364"}],"version-history":[{"count":0,"href":"https:\/\/aridamlasi.com\/tr\/wp-json\/wp\/v2\/pages\/5364\/revisions"}],"wp:attachment":[{"href":"https:\/\/aridamlasi.com\/tr\/wp-json\/wp\/v2\/media?parent=5364"}],"curies":[{"name":"wp","href":"https:\/\/api.w.org\/{rel}","templated":true}]}}