{"id":5366,"date":"2023-04-24T17:48:51","date_gmt":"2023-04-24T14:48:51","guid":{"rendered":"https:\/\/aridamlasi.fedze.com\/?page_id=5366"},"modified":"2023-06-21T11:16:12","modified_gmt":"2023-06-21T08:16:12","slug":"uzum-cekirdegi-ekstraktli-bitkisel-karisim","status":"publish","type":"page","link":"https:\/\/aridamlasi.com\/tr\/uzum-cekirdegi-ekstraktli-bitkisel-karisim\/","title":{"rendered":"\u00dcz\u00fcm \u00c7ekirde\u011fi Ekstraktl\u0131 Bitkisel Kar\u0131\u015f\u0131m"},"content":{"rendered":"<p>\u00dcz\u00fcm \u00c7ekirde\u011fi Ekstraktl\u0131 Bitkisel Kar\u0131\u015f\u0131m<br \/>\nline<br \/>\nARI DAMLASI<br \/>\nhide<\/p>\n<p><img decoding=\"async\" src=\"https:\/\/aridamlasi.com\/wp-content\/uploads\/2022\/12\/Uzum-Cekirdegi-230g.png\" alt=\"Uzum Cekirdegi 230g\" \/><br \/>\nfull<br \/>\ncontain<br \/>\ncenter center<br \/>\nhide<\/p>\n<p>\u00dcz\u00fcm \u00c7ekirde\u011fi (Vitis vinifera),\u00a0\u00fcz\u00fcm meyvesinin \u00e7ekirdek k\u0131sm\u0131d\u0131r. Bile\u015fiminde demir, potasyum, kalsiyum, A, B, C vitaminleri ve resveratol etken maddeleri bulunmaktad\u0131r.Gotu kola,\u00a0hint pennywort\u00a0ve\u00a0asiatic pennywort olarak bilinen\u00a0Centella asiatica\u00a0 otsu\u00a0,\u00a0\u00e7ok y\u0131ll\u0131k bir\u00a0bitkidir\u00a0.\u00a0 Kafkasya\u2019daki sulak alanlara, Tropikal ve Subtropikal Eski D\u00fcnya\u2019dan Yeni Zelanda\u2019ya ve Bat\u0131 Pasifik\u2019e \u00f6zg\u00fcd\u00fcr.Bu \u00fcr\u00fcnde bulunan t\u00fcm bitki ve bitki ekstraktlar\u0131 \u00f6zenle se\u00e7ilip g\u0131da g\u00fcvenli\u011fi standartlar\u0131yla \u00fcreterek t\u00fcketiciye sunulmaktad\u0131r.\u0130lave \u015feker, koruyucu ve renklendirici i\u00e7ermez.<br \/>\nhide<\/p>\n","protected":false},"excerpt":{"rendered":"<p>\u00dcz\u00fcm \u00c7ekirde\u011fi Ekstraktl\u0131 Bitkisel Kar\u0131\u015f\u0131m line ARI DAMLASI hide full contain center center hide \u00dcz\u00fcm \u00c7ekirde\u011fi (Vitis vinifera),\u00a0\u00fcz\u00fcm meyvesinin \u00e7ekirdek k\u0131sm\u0131d\u0131r. Bile\u015fiminde demir, potasyum, kalsiyum, A,<span class=\"excerpt-hellip\"> [\u2026]<\/span><\/p>\n","protected":false},"author":1,"featured_media":0,"parent":0,"menu_order":0,"comment_status":"closed","ping_status":"closed","template":"","meta":{"_joinchat":[],"footnotes":""},"class_list":["post-5366","page","type-page","status-publish","hentry"],"_links":{"self":[{"href":"https:\/\/aridamlasi.com\/tr\/wp-json\/wp\/v2\/pages\/5366","targetHints":{"allow":["GET"]}}],"collection":[{"href":"https:\/\/aridamlasi.com\/tr\/wp-json\/wp\/v2\/pages"}],"about":[{"href":"https:\/\/aridamlasi.com\/tr\/wp-json\/wp\/v2\/types\/page"}],"author":[{"embeddable":true,"href":"https:\/\/aridamlasi.com\/tr\/wp-json\/wp\/v2\/users\/1"}],"replies":[{"embeddable":true,"href":"https:\/\/aridamlasi.com\/tr\/wp-json\/wp\/v2\/comments?post=5366"}],"version-history":[{"count":0,"href":"https:\/\/aridamlasi.com\/tr\/wp-json\/wp\/v2\/pages\/5366\/revisions"}],"wp:attachment":[{"href":"https:\/\/aridamlasi.com\/tr\/wp-json\/wp\/v2\/media?parent=5366"}],"curies":[{"name":"wp","href":"https:\/\/api.w.org\/{rel}","templated":true}]}}