{"id":5368,"date":"2023-04-24T17:56:11","date_gmt":"2023-04-24T14:56:11","guid":{"rendered":"https:\/\/aridamlasi.fedze.com\/?page_id=5368"},"modified":"2023-05-04T16:41:31","modified_gmt":"2023-05-04T13:41:31","slug":"ari-poleni","status":"publish","type":"page","link":"https:\/\/aridamlasi.com\/tr\/ari-poleni\/","title":{"rendered":"Ar\u0131 Poleni"},"content":{"rendered":"<p>Ar\u0131 Poleni<br \/>line<br \/>ARI DAMLASI<br \/>hide<\/p>\n<p><img decoding=\"async\" src=\"https:\/\/aridamlasi.com\/wp-content\/uploads\/2022\/03\/Polen-AD-1.png\" alt=\"Polen-AD\" \/><br \/>full<br \/>contain<br \/>center center<br \/>hide<\/p>\n<p>Polen,\u00a0Bitkilerin erkek \u00fcreme h\u00fccresi olan polen, 21 g\u00fcnl\u00fck bal ar\u0131lar\u0131 taraf\u0131ndan, ar\u0131 kolonisinin ar\u0131 s\u00fct\u00fc \u00fcretimi ve larvalar\u0131n geli\u015fmesinde protein ihtiyac\u0131n\u0131 kar\u015f\u0131lamak i\u00e7in toplan\u0131r. Polen, gen\u00e7 i\u015f\u00e7i ar\u0131lar\u0131n, yavrular\u0131n ve yavru g\u0131da bezlerinin geli\u015fmesi i\u00e7in gerekli bir besin kayna\u011f\u0131d\u0131r. Ar\u0131 poleni protein, mineral ve vitamin de\u011feri y\u00fcksek bir ar\u0131 \u00fcr\u00fcn\u00fcd\u00fcr. Polen olmadan yavru geli\u015ftirilmesi m\u00fcmk\u00fcn de\u011fildir. Polen elde edildi\u011fi kayna\u011fa g\u00f6re farkl\u0131 renk ve \u015fekillerde olmaktad\u0131r. Ar\u0131 poleninin en \u00f6nemli yap\u0131 ta\u015f\u0131 proteinlerden olu\u015fur.DO\u011eAL ARI POLEN\u0130D\u0130R.<br \/>hide<\/p>\n","protected":false},"excerpt":{"rendered":"<p>Ar\u0131 PolenilineARI DAMLASIhide fullcontaincenter centerhide Polen,\u00a0Bitkilerin erkek \u00fcreme h\u00fccresi olan polen, 21 g\u00fcnl\u00fck bal ar\u0131lar\u0131 taraf\u0131ndan, ar\u0131 kolonisinin ar\u0131 s\u00fct\u00fc \u00fcretimi ve larvalar\u0131n geli\u015fmesinde protein ihtiyac\u0131n\u0131<span class=\"excerpt-hellip\"> [\u2026]<\/span><\/p>\n","protected":false},"author":1,"featured_media":0,"parent":0,"menu_order":0,"comment_status":"closed","ping_status":"closed","template":"","meta":{"_joinchat":[],"footnotes":""},"class_list":["post-5368","page","type-page","status-publish","hentry"],"_links":{"self":[{"href":"https:\/\/aridamlasi.com\/tr\/wp-json\/wp\/v2\/pages\/5368","targetHints":{"allow":["GET"]}}],"collection":[{"href":"https:\/\/aridamlasi.com\/tr\/wp-json\/wp\/v2\/pages"}],"about":[{"href":"https:\/\/aridamlasi.com\/tr\/wp-json\/wp\/v2\/types\/page"}],"author":[{"embeddable":true,"href":"https:\/\/aridamlasi.com\/tr\/wp-json\/wp\/v2\/users\/1"}],"replies":[{"embeddable":true,"href":"https:\/\/aridamlasi.com\/tr\/wp-json\/wp\/v2\/comments?post=5368"}],"version-history":[{"count":0,"href":"https:\/\/aridamlasi.com\/tr\/wp-json\/wp\/v2\/pages\/5368\/revisions"}],"wp:attachment":[{"href":"https:\/\/aridamlasi.com\/tr\/wp-json\/wp\/v2\/media?parent=5368"}],"curies":[{"name":"wp","href":"https:\/\/api.w.org\/{rel}","templated":true}]}}