{"id":5391,"date":"2023-04-27T12:27:24","date_gmt":"2023-04-27T09:27:24","guid":{"rendered":"https:\/\/aridamlasi.com\/?page_id=5391"},"modified":"2023-06-22T10:31:14","modified_gmt":"2023-06-22T07:31:14","slug":"bugday-yagi","status":"publish","type":"page","link":"https:\/\/aridamlasi.com\/tr\/bugday-yagi\/","title":{"rendered":"Bu\u011fday Ya\u011f\u0131"},"content":{"rendered":"<p>Bu\u011fday Ya\u011f\u0131<br \/>\nline<br \/>\nARI DAMLASI<br \/>\nhide<\/p>\n<p><img decoding=\"async\" src=\"https:\/\/aridamlasi.com\/wp-content\/uploads\/2022\/03\/Bugday-Yagi-20.png\" alt=\"Bugday-Yagi-20\" \/><br \/>\nfull<br \/>\ncontain<br \/>\ncenter center<br \/>\nhide<\/p>\n<p>Triticum aestivum\u00a0(bu\u011fday),\u00a0Triticum\u00a0cinsine ba\u011fl\u0131 b\u00fct\u00fcn d\u00fcnyada \u0131slah\u0131 yap\u0131lm\u0131\u015f tek y\u0131ll\u0131k otsu bitki t\u00fcr\u00fcd\u00fcr.Bu\u011fday r\u00fc\u015feymi ve bitkisel ya\u011f ile maserasyon y\u00f6ntemiyle elde edilmi\u015ftir.<br \/>\nhide<\/p>\n","protected":false},"excerpt":{"rendered":"<p>Bu\u011fday Ya\u011f\u0131 line ARI DAMLASI hide full contain center center hide Triticum aestivum\u00a0(bu\u011fday),\u00a0Triticum\u00a0cinsine ba\u011fl\u0131 b\u00fct\u00fcn d\u00fcnyada \u0131slah\u0131 yap\u0131lm\u0131\u015f tek y\u0131ll\u0131k otsu bitki t\u00fcr\u00fcd\u00fcr.Bu\u011fday r\u00fc\u015feymi ve bitkisel<span class=\"excerpt-hellip\"> [\u2026]<\/span><\/p>\n","protected":false},"author":1,"featured_media":0,"parent":0,"menu_order":0,"comment_status":"closed","ping_status":"closed","template":"","meta":{"_joinchat":[],"footnotes":""},"class_list":["post-5391","page","type-page","status-publish","hentry"],"_links":{"self":[{"href":"https:\/\/aridamlasi.com\/tr\/wp-json\/wp\/v2\/pages\/5391","targetHints":{"allow":["GET"]}}],"collection":[{"href":"https:\/\/aridamlasi.com\/tr\/wp-json\/wp\/v2\/pages"}],"about":[{"href":"https:\/\/aridamlasi.com\/tr\/wp-json\/wp\/v2\/types\/page"}],"author":[{"embeddable":true,"href":"https:\/\/aridamlasi.com\/tr\/wp-json\/wp\/v2\/users\/1"}],"replies":[{"embeddable":true,"href":"https:\/\/aridamlasi.com\/tr\/wp-json\/wp\/v2\/comments?post=5391"}],"version-history":[{"count":0,"href":"https:\/\/aridamlasi.com\/tr\/wp-json\/wp\/v2\/pages\/5391\/revisions"}],"wp:attachment":[{"href":"https:\/\/aridamlasi.com\/tr\/wp-json\/wp\/v2\/media?parent=5391"}],"curies":[{"name":"wp","href":"https:\/\/api.w.org\/{rel}","templated":true}]}}