{"id":5393,"date":"2023-04-27T12:29:46","date_gmt":"2023-04-27T09:29:46","guid":{"rendered":"https:\/\/aridamlasi.com\/?page_id=5393"},"modified":"2023-06-22T10:44:19","modified_gmt":"2023-06-22T07:44:19","slug":"papatya-yagi","status":"publish","type":"page","link":"https:\/\/aridamlasi.com\/tr\/papatya-yagi\/","title":{"rendered":"Papatya Ya\u011f\u0131"},"content":{"rendered":"<p>Papatya Ya\u011f\u0131<br \/>\nline<br \/>\nARI DAMLASI<br \/>\nhide<\/p>\n<p><img decoding=\"async\" src=\"https:\/\/aridamlasi.com\/wp-content\/uploads\/2022\/03\/Papatya-Yagi-20.png\" alt=\"Papatya-Yagi-20\" \/><br \/>\nfull<br \/>\ncontain<br \/>\ncenter center<br \/>\nhide<\/p>\n<p>Papatya,\u00a0papatyagiller\u00a0(Asteraceae) familyas\u0131nda s\u0131n\u0131fland\u0131r\u0131lan\u00a0Anthemis,\u00a0Matricaria,\u00a0Bellis,\u00a0Leucanthemum\u00a0ve\u00a0Tripleurospermum\u00a0gibi farkl\u0131\u00a0cinslerden\u00a0bitki\u00a0t\u00fcrlerine verilen ortak ad. D\u00fcnyan\u0131n en kalabal\u0131k \u00e7i\u00e7ekli bitkiler familyas\u0131d\u0131r. Anavatan\u0131 Avrupa\u2019d\u0131r. T\u00fcm Avrupa\u2019dan Hazar k\u0131y\u0131lar\u0131na kadar yay\u0131lm\u0131\u015ft\u0131r. G\u00fcn\u00fcm\u00fczde buzullarla kapl\u0131 Antarktika k\u0131tas\u0131 d\u0131\u015f\u0131nda her co\u011frafyada yay\u0131l\u0131m g\u00f6stermi\u015ftir. \u00dclkemizde Marmara, Ege, Trakya, G\u00fcneybat\u0131 Anadolu\u2019da do\u011fal ko\u015fullarda yeti\u015fir. May\u0131s ve A\u011fustos aylar\u0131 aras\u0131nda zarafeti temsil eden beyaz renkte \u00e7i\u00e7ekler a\u00e7an tek y\u0131ll\u0131k otsu bir bitkidir.Bitkisel ya\u011f ile maserasyon y\u00f6ntemiyle elde edilmi\u015ftir.<br \/>\nhide<\/p>\n","protected":false},"excerpt":{"rendered":"<p>Papatya Ya\u011f\u0131 line ARI DAMLASI hide full contain center center hide Papatya,\u00a0papatyagiller\u00a0(Asteraceae) familyas\u0131nda s\u0131n\u0131fland\u0131r\u0131lan\u00a0Anthemis,\u00a0Matricaria,\u00a0Bellis,\u00a0Leucanthemum\u00a0ve\u00a0Tripleurospermum\u00a0gibi farkl\u0131\u00a0cinslerden\u00a0bitki\u00a0t\u00fcrlerine verilen ortak ad. D\u00fcnyan\u0131n en kalabal\u0131k \u00e7i\u00e7ekli bitkiler familyas\u0131d\u0131r. Anavatan\u0131 Avrupa\u2019d\u0131r.<span class=\"excerpt-hellip\"> [\u2026]<\/span><\/p>\n","protected":false},"author":1,"featured_media":0,"parent":0,"menu_order":0,"comment_status":"closed","ping_status":"closed","template":"","meta":{"_joinchat":[],"footnotes":""},"class_list":["post-5393","page","type-page","status-publish","hentry"],"_links":{"self":[{"href":"https:\/\/aridamlasi.com\/tr\/wp-json\/wp\/v2\/pages\/5393","targetHints":{"allow":["GET"]}}],"collection":[{"href":"https:\/\/aridamlasi.com\/tr\/wp-json\/wp\/v2\/pages"}],"about":[{"href":"https:\/\/aridamlasi.com\/tr\/wp-json\/wp\/v2\/types\/page"}],"author":[{"embeddable":true,"href":"https:\/\/aridamlasi.com\/tr\/wp-json\/wp\/v2\/users\/1"}],"replies":[{"embeddable":true,"href":"https:\/\/aridamlasi.com\/tr\/wp-json\/wp\/v2\/comments?post=5393"}],"version-history":[{"count":0,"href":"https:\/\/aridamlasi.com\/tr\/wp-json\/wp\/v2\/pages\/5393\/revisions"}],"wp:attachment":[{"href":"https:\/\/aridamlasi.com\/tr\/wp-json\/wp\/v2\/media?parent=5393"}],"curies":[{"name":"wp","href":"https:\/\/api.w.org\/{rel}","templated":true}]}}