{"id":5402,"date":"2023-04-27T12:41:45","date_gmt":"2023-04-27T09:41:45","guid":{"rendered":"https:\/\/aridamlasi.com\/?page_id=5402"},"modified":"2023-05-05T16:44:17","modified_gmt":"2023-05-05T13:44:17","slug":"yaban-igdesi-yagi","status":"publish","type":"page","link":"https:\/\/aridamlasi.com\/tr\/yaban-igdesi-yagi\/","title":{"rendered":"Yaban \u0130\u011fdesi Ya\u011f\u0131"},"content":{"rendered":"<p>Yaban \u0130\u011fdesi Ya\u011f\u0131<br \/>line<br \/>ARI DAMLASI<br \/>hide<\/p>\n<p><img decoding=\"async\" src=\"https:\/\/aridamlasi.com\/wp-content\/uploads\/2022\/03\/Yaban-Igdesi-Yagi-20.png\" alt=\"Yaban-\u0130gdesi-Yagi-20\" \/><br \/>full<br \/>contain<br \/>center center<br \/>hide<\/p>\n<p>Yalanc\u0131 i\u011fde,\u00a0\u00c7\u0131\u00e7\u0131rgan\u00a0ya da\u00a0Yer i\u011fdesi\u00a0(Latince\u00a0Hippophae rhamnoides)\u00a0\u0130\u011fdegiller\u00a0ailesindendir. 10 m y\u00fcksekli\u011finde, dikenli bir\u00a0a\u011fa\u00e7t\u0131r. Gen\u00e7 dallar\u0131 g\u00fcm\u00fc\u015f gibi parlak olur; daha sonra pas tutmu\u015f gibi rengi solar. Ucu 7\u00a0cm dikendir.\u00a0Yapraklar\u0131\u00a0bo\u011fumlu, \u00fcst\u00fc koyu ye\u015fil-gri, alt\u0131 sar\u0131ms\u0131 veya beyaz, g\u00fcm\u00fc\u015f gibi parlakt\u0131r.\u00a0\u00c7i\u00e7ekleri\u00a0\u00e7ift e\u015feylidir. K\u00fc\u00e7\u00fck \u00e7ekirdekli yemi\u015finin rengi k\u0131rm\u0131z\u0131 veya sar\u0131ms\u0131, tad\u0131 ek\u015fidir. Yemi\u015fi \u015f\u0131ral\u0131, yumu\u015fak ve \u00e7abuk ezilir. Da\u011fl\u0131k b\u00f6lgelerde, g\u00f6l ve akarsular\u0131n k\u0131y\u0131lar\u0131nda, kumlu ve ta\u015fl\u0131 b\u00f6lgelerde yeti\u015fir. Hammadde olarak pi\u015fmi\u015f yemi\u015fi toplan\u0131r. Yemi\u015fi hava so\u011fuyunca (-15C\u00b0) \u00e7\u0131rp\u0131larak toplan\u0131r.Bitkinin Latince ad\u0131, Hippo (at) ve Phaos (parlamak) kelimelerinin birle\u015fmesiyle olu\u015fturulmu\u015ftur \u00e7\u00fcnk\u00fc antik kaynaklara g\u00f6re meyveleri ve narin dallar\u0131 atlar\u0131n yemlerine kar\u0131\u015ft\u0131r\u0131ld\u0131\u011f\u0131nda atlar\u0131 g\u00fc\u00e7lendirmekte ve postlar\u0131n\u0131 parlak hale getirmektedir.\u00a0So\u011fuk s\u0131k\u0131m (pres) y\u00f6ntemi ile elde edilmi\u015ftir.<br \/>hide<\/p>\n","protected":false},"excerpt":{"rendered":"<p>Yaban \u0130\u011fdesi Ya\u011f\u0131lineARI DAMLASIhide fullcontaincenter centerhide Yalanc\u0131 i\u011fde,\u00a0\u00c7\u0131\u00e7\u0131rgan\u00a0ya da\u00a0Yer i\u011fdesi\u00a0(Latince\u00a0Hippophae rhamnoides)\u00a0\u0130\u011fdegiller\u00a0ailesindendir. 10 m y\u00fcksekli\u011finde, dikenli bir\u00a0a\u011fa\u00e7t\u0131r. Gen\u00e7 dallar\u0131 g\u00fcm\u00fc\u015f gibi parlak olur; daha sonra pas tutmu\u015f<span class=\"excerpt-hellip\"> [\u2026]<\/span><\/p>\n","protected":false},"author":1,"featured_media":0,"parent":0,"menu_order":0,"comment_status":"closed","ping_status":"closed","template":"","meta":{"_joinchat":[],"footnotes":""},"class_list":["post-5402","page","type-page","status-publish","hentry"],"_links":{"self":[{"href":"https:\/\/aridamlasi.com\/tr\/wp-json\/wp\/v2\/pages\/5402","targetHints":{"allow":["GET"]}}],"collection":[{"href":"https:\/\/aridamlasi.com\/tr\/wp-json\/wp\/v2\/pages"}],"about":[{"href":"https:\/\/aridamlasi.com\/tr\/wp-json\/wp\/v2\/types\/page"}],"author":[{"embeddable":true,"href":"https:\/\/aridamlasi.com\/tr\/wp-json\/wp\/v2\/users\/1"}],"replies":[{"embeddable":true,"href":"https:\/\/aridamlasi.com\/tr\/wp-json\/wp\/v2\/comments?post=5402"}],"version-history":[{"count":0,"href":"https:\/\/aridamlasi.com\/tr\/wp-json\/wp\/v2\/pages\/5402\/revisions"}],"wp:attachment":[{"href":"https:\/\/aridamlasi.com\/tr\/wp-json\/wp\/v2\/media?parent=5402"}],"curies":[{"name":"wp","href":"https:\/\/api.w.org\/{rel}","templated":true}]}}