{"id":5404,"date":"2023-04-27T12:47:47","date_gmt":"2023-04-27T09:47:47","guid":{"rendered":"https:\/\/aridamlasi.com\/?page_id=5404"},"modified":"2023-06-22T10:59:59","modified_gmt":"2023-06-22T07:59:59","slug":"lavanta-yagi","status":"publish","type":"page","link":"https:\/\/aridamlasi.com\/tr\/lavanta-yagi\/","title":{"rendered":"Lavanta Ya\u011f\u0131"},"content":{"rendered":"<p>Lavanta Ya\u011f\u0131<br \/>\nline<br \/>\nhide<\/p>\n<p><img decoding=\"async\" src=\"https:\/\/aridamlasi.com\/wp-content\/uploads\/2022\/03\/Lavanta-Yagi-20.png\" alt=\"Lavanta-Yagi-20\" \/><br \/>\nfull<br \/>\ncontain<br \/>\ncenter center<br \/>\nhide<\/p>\n<p>Akdeniz B\u00f6lgesi \u00fclkeleri ve T\u00fcrkiye\u2019de (\u0130stanbul) s\u00fcs bitkisi olarak yeti\u015ftirilir. Bu t\u00fcr 100 cm kadar y\u00fckseklikte, \u00e7al\u0131 g\u00f6r\u00fcn\u00fc\u015f\u00fcnde, yapraklar g\u00fcm\u00fc\u015fi, \u00e7i\u00e7ekleri ise koyu mor renkli bir bitkidir. Kuvvetli \u00f6zel kokulu ve\u00a0ac\u0131 lezzetlidir.Distilasyon y\u00f6ntemi ile elde edilmi\u015ftir.<br \/>\nhide<\/p>\n","protected":false},"excerpt":{"rendered":"<p>Lavanta Ya\u011f\u0131 line hide full contain center center hide Akdeniz B\u00f6lgesi \u00fclkeleri ve T\u00fcrkiye\u2019de (\u0130stanbul) s\u00fcs bitkisi olarak yeti\u015ftirilir. Bu t\u00fcr 100 cm kadar y\u00fckseklikte, \u00e7al\u0131<span class=\"excerpt-hellip\"> [\u2026]<\/span><\/p>\n","protected":false},"author":1,"featured_media":0,"parent":0,"menu_order":0,"comment_status":"closed","ping_status":"closed","template":"","meta":{"_joinchat":[],"footnotes":""},"class_list":["post-5404","page","type-page","status-publish","hentry"],"_links":{"self":[{"href":"https:\/\/aridamlasi.com\/tr\/wp-json\/wp\/v2\/pages\/5404","targetHints":{"allow":["GET"]}}],"collection":[{"href":"https:\/\/aridamlasi.com\/tr\/wp-json\/wp\/v2\/pages"}],"about":[{"href":"https:\/\/aridamlasi.com\/tr\/wp-json\/wp\/v2\/types\/page"}],"author":[{"embeddable":true,"href":"https:\/\/aridamlasi.com\/tr\/wp-json\/wp\/v2\/users\/1"}],"replies":[{"embeddable":true,"href":"https:\/\/aridamlasi.com\/tr\/wp-json\/wp\/v2\/comments?post=5404"}],"version-history":[{"count":0,"href":"https:\/\/aridamlasi.com\/tr\/wp-json\/wp\/v2\/pages\/5404\/revisions"}],"wp:attachment":[{"href":"https:\/\/aridamlasi.com\/tr\/wp-json\/wp\/v2\/media?parent=5404"}],"curies":[{"name":"wp","href":"https:\/\/api.w.org\/{rel}","templated":true}]}}