{"id":5408,"date":"2023-04-27T12:50:26","date_gmt":"2023-04-27T09:50:26","guid":{"rendered":"https:\/\/aridamlasi.com\/?page_id=5408"},"modified":"2023-06-22T11:07:52","modified_gmt":"2023-06-22T08:07:52","slug":"ardic-tohumu-yagi","status":"publish","type":"page","link":"https:\/\/aridamlasi.com\/tr\/ardic-tohumu-yagi\/","title":{"rendered":"Ard\u0131\u00e7 Tohumu Ya\u011f\u0131"},"content":{"rendered":"<p>Ard\u0131\u00e7 Tohumu Ya\u011f\u0131<br \/>\nline<br \/>\nhide<\/p>\n<p><img decoding=\"async\" src=\"https:\/\/aridamlasi.com\/wp-content\/uploads\/2022\/03\/Ardic-Yagi-20.png\" alt=\"Ardic-Yagi-20\" \/><br \/>\nfull<br \/>\ncontain<br \/>\ncenter center<br \/>\nhide<\/p>\n<p>Ard\u0131\u00e7 kozalakl\u0131lardan; 2-5 metre boyunda bir a\u011fa\u00e7t\u0131r. Yapraklar\u0131 ince, uzun, sivri ve g\u00fczel kokuludur. Meyveleri; siyah, parlak kozalak \u015feklindedir. Bunlara \u201cArd\u0131\u00e7 tohumu\u201d da denilir. Kas\u0131m ve Aral\u0131k aylar\u0131nda toplan\u0131p, kurutulur. Bir \u00e7ok t\u00fcr\u00fc vard\u0131r.Distilasyon y\u00f6ntemi ile elde edilmi\u015ftir.<br \/>\nhide<\/p>\n","protected":false},"excerpt":{"rendered":"<p>Ard\u0131\u00e7 Tohumu Ya\u011f\u0131 line hide full contain center center hide Ard\u0131\u00e7 kozalakl\u0131lardan; 2-5 metre boyunda bir a\u011fa\u00e7t\u0131r. Yapraklar\u0131 ince, uzun, sivri ve g\u00fczel kokuludur. Meyveleri; siyah,<span class=\"excerpt-hellip\"> [\u2026]<\/span><\/p>\n","protected":false},"author":1,"featured_media":0,"parent":0,"menu_order":0,"comment_status":"closed","ping_status":"closed","template":"","meta":{"_joinchat":[],"footnotes":""},"class_list":["post-5408","page","type-page","status-publish","hentry"],"_links":{"self":[{"href":"https:\/\/aridamlasi.com\/tr\/wp-json\/wp\/v2\/pages\/5408","targetHints":{"allow":["GET"]}}],"collection":[{"href":"https:\/\/aridamlasi.com\/tr\/wp-json\/wp\/v2\/pages"}],"about":[{"href":"https:\/\/aridamlasi.com\/tr\/wp-json\/wp\/v2\/types\/page"}],"author":[{"embeddable":true,"href":"https:\/\/aridamlasi.com\/tr\/wp-json\/wp\/v2\/users\/1"}],"replies":[{"embeddable":true,"href":"https:\/\/aridamlasi.com\/tr\/wp-json\/wp\/v2\/comments?post=5408"}],"version-history":[{"count":0,"href":"https:\/\/aridamlasi.com\/tr\/wp-json\/wp\/v2\/pages\/5408\/revisions"}],"wp:attachment":[{"href":"https:\/\/aridamlasi.com\/tr\/wp-json\/wp\/v2\/media?parent=5408"}],"curies":[{"name":"wp","href":"https:\/\/api.w.org\/{rel}","templated":true}]}}