{"id":5410,"date":"2023-04-27T12:52:33","date_gmt":"2023-04-27T09:52:33","guid":{"rendered":"https:\/\/aridamlasi.com\/?page_id=5410"},"modified":"2023-06-22T11:10:42","modified_gmt":"2023-06-22T08:10:42","slug":"kekik-yagi","status":"publish","type":"page","link":"https:\/\/aridamlasi.com\/tr\/kekik-yagi\/","title":{"rendered":"Kekik Ya\u011f\u0131"},"content":{"rendered":"<p>Kekik Ya\u011f\u0131<br \/>\nline<br \/>\nhide<\/p>\n<p><img decoding=\"async\" src=\"https:\/\/aridamlasi.com\/wp-content\/uploads\/2022\/03\/Kekik-Yagi-20.png\" alt=\"Kekik-Yagi-20\" \/><br \/>\nfull<br \/>\ncontain<br \/>\ncenter center<br \/>\nhide<\/p>\n<p>Pembe veya beyaz \u00e7i\u00e7ekli, k\u00fc\u00e7\u00fck yaprakl\u0131, kuvvetli kokulu, \u00e7ok y\u0131ll\u0131k bir bitkidir. Kurak tepe ve s\u0131rtlarda k\u00fcmeler halinde bulunur. \u00c7imenlik tarla k\u0131y\u0131lar\u0131nda, orman k\u0131y\u0131lar\u0131nda ve \u00e7ay\u0131rlardaki kar\u0131nca yuvalar\u0131n\u0131n \u00fcst\u00fcnde yer almaktan ho\u015flan\u0131r. G\u00fcne\u015f ve s\u0131cak istedi\u011fi i\u00e7in, toprak s\u0131cakl\u0131\u011f\u0131n\u0131n fazla oldu\u011fu kayal\u0131k ve da\u011fl\u0131k b\u00f6lgelerde \u00e7o\u011fal\u0131r. G\u00fcne\u015fli \u00f6\u011flen s\u0131caklar\u0131nda menek\u015fe renkli \u00e7i\u00e7eklerinden yay\u0131lan g\u00fczel koku, ar\u0131lar\u0131 ve b\u00f6cekleri kendisine \u00e7eker. U\u00e7ucu ya\u011f, ac\u0131 madde, tanen, karvakrol ve timol ta\u015f\u0131maktad\u0131r.Distilasyon y\u00f6ntemi ile elde edilmi\u015ftir.<br \/>\nhide<\/p>\n","protected":false},"excerpt":{"rendered":"<p>Kekik Ya\u011f\u0131 line hide full contain center center hide Pembe veya beyaz \u00e7i\u00e7ekli, k\u00fc\u00e7\u00fck yaprakl\u0131, kuvvetli kokulu, \u00e7ok y\u0131ll\u0131k bir bitkidir. Kurak tepe ve s\u0131rtlarda k\u00fcmeler<span class=\"excerpt-hellip\"> [\u2026]<\/span><\/p>\n","protected":false},"author":1,"featured_media":0,"parent":0,"menu_order":0,"comment_status":"closed","ping_status":"closed","template":"","meta":{"_joinchat":[],"footnotes":""},"class_list":["post-5410","page","type-page","status-publish","hentry"],"_links":{"self":[{"href":"https:\/\/aridamlasi.com\/tr\/wp-json\/wp\/v2\/pages\/5410","targetHints":{"allow":["GET"]}}],"collection":[{"href":"https:\/\/aridamlasi.com\/tr\/wp-json\/wp\/v2\/pages"}],"about":[{"href":"https:\/\/aridamlasi.com\/tr\/wp-json\/wp\/v2\/types\/page"}],"author":[{"embeddable":true,"href":"https:\/\/aridamlasi.com\/tr\/wp-json\/wp\/v2\/users\/1"}],"replies":[{"embeddable":true,"href":"https:\/\/aridamlasi.com\/tr\/wp-json\/wp\/v2\/comments?post=5410"}],"version-history":[{"count":0,"href":"https:\/\/aridamlasi.com\/tr\/wp-json\/wp\/v2\/pages\/5410\/revisions"}],"wp:attachment":[{"href":"https:\/\/aridamlasi.com\/tr\/wp-json\/wp\/v2\/media?parent=5410"}],"curies":[{"name":"wp","href":"https:\/\/api.w.org\/{rel}","templated":true}]}}