{"id":5414,"date":"2023-04-27T13:14:57","date_gmt":"2023-04-27T10:14:57","guid":{"rendered":"https:\/\/aridamlasi.com\/?page_id=5414"},"modified":"2023-06-22T11:24:58","modified_gmt":"2023-06-22T08:24:58","slug":"limon-kabugu-yagi","status":"publish","type":"page","link":"https:\/\/aridamlasi.com\/tr\/limon-kabugu-yagi\/","title":{"rendered":"Limon Kabu\u011fu Ya\u011f\u0131"},"content":{"rendered":"<p>Limon Kabu\u011fu Ya\u011f\u0131<br \/>\nline<br \/>\nhide<\/p>\n<p><img decoding=\"async\" src=\"https:\/\/aridamlasi.com\/wp-content\/uploads\/2022\/03\/Limon-Kabugu-Yagi-20.png\" alt=\"Limon-Kabugu-Yagi-20\" \/><br \/>\nfull<br \/>\ncontain<br \/>\ncenter center<br \/>\nhide<\/p>\n<p>Limon a\u011fac\u0131 3-5 m y\u00fckseklikte, k\u0131\u015f\u0131n yapraklar\u0131n\u0131 d\u00f6kmeyen, beyaz \u00e7i\u00e7ekli bir a\u011fa\u00e7t\u0131r. Genellikle ilkbaharda \u00e7i\u00e7ek a\u00e7ar. Vatan\u0131 Hindistan olup bug\u00fcn b\u00fct\u00fcn Akdeniz ve Ege \u00dclkerlerinde yeti\u015fmektedir. Kendine has kuvvetli ve aromatik bir kokuya sahiptir. Ek\u015fi ve baharl\u0131 bir tada sahiptir.Mekanik pres y\u00f6ntemi ile elde edilmi\u015ftir.<br \/>\nhide<\/p>\n","protected":false},"excerpt":{"rendered":"<p>Limon Kabu\u011fu Ya\u011f\u0131 line hide full contain center center hide Limon a\u011fac\u0131 3-5 m y\u00fckseklikte, k\u0131\u015f\u0131n yapraklar\u0131n\u0131 d\u00f6kmeyen, beyaz \u00e7i\u00e7ekli bir a\u011fa\u00e7t\u0131r. Genellikle ilkbaharda \u00e7i\u00e7ek a\u00e7ar.<span class=\"excerpt-hellip\"> [\u2026]<\/span><\/p>\n","protected":false},"author":1,"featured_media":0,"parent":0,"menu_order":0,"comment_status":"closed","ping_status":"closed","template":"","meta":{"_joinchat":[],"footnotes":""},"class_list":["post-5414","page","type-page","status-publish","hentry"],"_links":{"self":[{"href":"https:\/\/aridamlasi.com\/tr\/wp-json\/wp\/v2\/pages\/5414","targetHints":{"allow":["GET"]}}],"collection":[{"href":"https:\/\/aridamlasi.com\/tr\/wp-json\/wp\/v2\/pages"}],"about":[{"href":"https:\/\/aridamlasi.com\/tr\/wp-json\/wp\/v2\/types\/page"}],"author":[{"embeddable":true,"href":"https:\/\/aridamlasi.com\/tr\/wp-json\/wp\/v2\/users\/1"}],"replies":[{"embeddable":true,"href":"https:\/\/aridamlasi.com\/tr\/wp-json\/wp\/v2\/comments?post=5414"}],"version-history":[{"count":0,"href":"https:\/\/aridamlasi.com\/tr\/wp-json\/wp\/v2\/pages\/5414\/revisions"}],"wp:attachment":[{"href":"https:\/\/aridamlasi.com\/tr\/wp-json\/wp\/v2\/media?parent=5414"}],"curies":[{"name":"wp","href":"https:\/\/api.w.org\/{rel}","templated":true}]}}