{"id":5428,"date":"2023-04-27T14:05:23","date_gmt":"2023-04-27T11:05:23","guid":{"rendered":"https:\/\/aridamlasi.com\/?page_id=5428"},"modified":"2023-05-05T14:50:52","modified_gmt":"2023-05-05T11:50:52","slug":"nar-cekirdegi-yagi","status":"publish","type":"page","link":"https:\/\/aridamlasi.com\/tr\/nar-cekirdegi-yagi\/","title":{"rendered":"Nar \u00c7ekirde\u011fi Ya\u011f\u0131"},"content":{"rendered":"<p>Nar \u00c7ekirde\u011fi Ya\u011f\u0131<br \/>line<br \/>hide<\/p>\n","protected":false},"excerpt":{"rendered":"<p>Nar \u00c7ekirde\u011fi Ya\u011f\u0131linehide<\/p>\n","protected":false},"author":1,"featured_media":0,"parent":0,"menu_order":0,"comment_status":"closed","ping_status":"closed","template":"","meta":{"_joinchat":[],"footnotes":""},"class_list":["post-5428","page","type-page","status-publish","hentry"],"_links":{"self":[{"href":"https:\/\/aridamlasi.com\/tr\/wp-json\/wp\/v2\/pages\/5428","targetHints":{"allow":["GET"]}}],"collection":[{"href":"https:\/\/aridamlasi.com\/tr\/wp-json\/wp\/v2\/pages"}],"about":[{"href":"https:\/\/aridamlasi.com\/tr\/wp-json\/wp\/v2\/types\/page"}],"author":[{"embeddable":true,"href":"https:\/\/aridamlasi.com\/tr\/wp-json\/wp\/v2\/users\/1"}],"replies":[{"embeddable":true,"href":"https:\/\/aridamlasi.com\/tr\/wp-json\/wp\/v2\/comments?post=5428"}],"version-history":[{"count":0,"href":"https:\/\/aridamlasi.com\/tr\/wp-json\/wp\/v2\/pages\/5428\/revisions"}],"wp:attachment":[{"href":"https:\/\/aridamlasi.com\/tr\/wp-json\/wp\/v2\/media?parent=5428"}],"curies":[{"name":"wp","href":"https:\/\/api.w.org\/{rel}","templated":true}]}}