{"id":5430,"date":"2023-04-27T14:08:50","date_gmt":"2023-04-27T11:08:50","guid":{"rendered":"https:\/\/aridamlasi.com\/?page_id=5430"},"modified":"2023-07-05T12:21:50","modified_gmt":"2023-07-05T09:21:50","slug":"kayisi-cekirdegi-yagi","status":"publish","type":"page","link":"https:\/\/aridamlasi.com\/tr\/kayisi-cekirdegi-yagi\/","title":{"rendered":"Kay\u0131s\u0131 \u00c7ekirde\u011fi Ya\u011f\u0131"},"content":{"rendered":"<p>Kay\u0131s\u0131 \u00c7ekirde\u011fi Ya\u011f\u0131<br \/>\nline<br \/>\nhide<\/p>\n","protected":false},"excerpt":{"rendered":"<p>Kay\u0131s\u0131 \u00c7ekirde\u011fi Ya\u011f\u0131 line hide<\/p>\n","protected":false},"author":1,"featured_media":0,"parent":0,"menu_order":0,"comment_status":"closed","ping_status":"closed","template":"","meta":{"_joinchat":[],"footnotes":""},"class_list":["post-5430","page","type-page","status-publish","hentry"],"_links":{"self":[{"href":"https:\/\/aridamlasi.com\/tr\/wp-json\/wp\/v2\/pages\/5430","targetHints":{"allow":["GET"]}}],"collection":[{"href":"https:\/\/aridamlasi.com\/tr\/wp-json\/wp\/v2\/pages"}],"about":[{"href":"https:\/\/aridamlasi.com\/tr\/wp-json\/wp\/v2\/types\/page"}],"author":[{"embeddable":true,"href":"https:\/\/aridamlasi.com\/tr\/wp-json\/wp\/v2\/users\/1"}],"replies":[{"embeddable":true,"href":"https:\/\/aridamlasi.com\/tr\/wp-json\/wp\/v2\/comments?post=5430"}],"version-history":[{"count":0,"href":"https:\/\/aridamlasi.com\/tr\/wp-json\/wp\/v2\/pages\/5430\/revisions"}],"wp:attachment":[{"href":"https:\/\/aridamlasi.com\/tr\/wp-json\/wp\/v2\/media?parent=5430"}],"curies":[{"name":"wp","href":"https:\/\/api.w.org\/{rel}","templated":true}]}}