{"id":5432,"date":"2023-04-27T14:11:26","date_gmt":"2023-04-27T11:11:26","guid":{"rendered":"https:\/\/aridamlasi.com\/?page_id=5432"},"modified":"2023-05-04T16:59:53","modified_gmt":"2023-05-04T13:59:53","slug":"avokado-yagi","status":"publish","type":"page","link":"https:\/\/aridamlasi.com\/tr\/avokado-yagi\/","title":{"rendered":"Avokado Ya\u011f\u0131"},"content":{"rendered":"<p>Avokado Ya\u011f\u0131<br \/>line<br \/>hide<\/p>\n","protected":false},"excerpt":{"rendered":"<p>Avokado Ya\u011f\u0131linehide<\/p>\n","protected":false},"author":1,"featured_media":0,"parent":0,"menu_order":0,"comment_status":"closed","ping_status":"closed","template":"","meta":{"_joinchat":[],"footnotes":""},"class_list":["post-5432","page","type-page","status-publish","hentry"],"_links":{"self":[{"href":"https:\/\/aridamlasi.com\/tr\/wp-json\/wp\/v2\/pages\/5432","targetHints":{"allow":["GET"]}}],"collection":[{"href":"https:\/\/aridamlasi.com\/tr\/wp-json\/wp\/v2\/pages"}],"about":[{"href":"https:\/\/aridamlasi.com\/tr\/wp-json\/wp\/v2\/types\/page"}],"author":[{"embeddable":true,"href":"https:\/\/aridamlasi.com\/tr\/wp-json\/wp\/v2\/users\/1"}],"replies":[{"embeddable":true,"href":"https:\/\/aridamlasi.com\/tr\/wp-json\/wp\/v2\/comments?post=5432"}],"version-history":[{"count":0,"href":"https:\/\/aridamlasi.com\/tr\/wp-json\/wp\/v2\/pages\/5432\/revisions"}],"wp:attachment":[{"href":"https:\/\/aridamlasi.com\/tr\/wp-json\/wp\/v2\/media?parent=5432"}],"curies":[{"name":"wp","href":"https:\/\/api.w.org\/{rel}","templated":true}]}}