{"id":5434,"date":"2023-04-27T14:15:07","date_gmt":"2023-04-27T11:15:07","guid":{"rendered":"https:\/\/aridamlasi.com\/?page_id=5434"},"modified":"2023-07-05T14:50:46","modified_gmt":"2023-07-05T11:50:46","slug":"kusburnu-yagi","status":"publish","type":"page","link":"https:\/\/aridamlasi.com\/tr\/kusburnu-yagi\/","title":{"rendered":"Ku\u015fburnu Ya\u011f\u0131"},"content":{"rendered":"<p>Ku\u015fburnu Ya\u011f\u0131<br \/>\nline<br \/>\nhide<\/p>\n","protected":false},"excerpt":{"rendered":"<p>Ku\u015fburnu Ya\u011f\u0131 line hide<\/p>\n","protected":false},"author":1,"featured_media":0,"parent":0,"menu_order":0,"comment_status":"closed","ping_status":"closed","template":"","meta":{"_joinchat":[],"footnotes":""},"class_list":["post-5434","page","type-page","status-publish","hentry"],"_links":{"self":[{"href":"https:\/\/aridamlasi.com\/tr\/wp-json\/wp\/v2\/pages\/5434","targetHints":{"allow":["GET"]}}],"collection":[{"href":"https:\/\/aridamlasi.com\/tr\/wp-json\/wp\/v2\/pages"}],"about":[{"href":"https:\/\/aridamlasi.com\/tr\/wp-json\/wp\/v2\/types\/page"}],"author":[{"embeddable":true,"href":"https:\/\/aridamlasi.com\/tr\/wp-json\/wp\/v2\/users\/1"}],"replies":[{"embeddable":true,"href":"https:\/\/aridamlasi.com\/tr\/wp-json\/wp\/v2\/comments?post=5434"}],"version-history":[{"count":0,"href":"https:\/\/aridamlasi.com\/tr\/wp-json\/wp\/v2\/pages\/5434\/revisions"}],"wp:attachment":[{"href":"https:\/\/aridamlasi.com\/tr\/wp-json\/wp\/v2\/media?parent=5434"}],"curies":[{"name":"wp","href":"https:\/\/api.w.org\/{rel}","templated":true}]}}