{"id":5436,"date":"2023-04-28T13:19:57","date_gmt":"2023-04-28T10:19:57","guid":{"rendered":"https:\/\/aridamlasi.com\/?page_id=5436"},"modified":"2023-05-05T15:33:14","modified_gmt":"2023-05-05T12:33:14","slug":"sarimsak-yagi","status":"publish","type":"page","link":"https:\/\/aridamlasi.com\/tr\/sarimsak-yagi\/","title":{"rendered":"Sar\u0131msak Ya\u011f\u0131"},"content":{"rendered":"<p>Sar\u0131msak Ya\u011f\u0131<br \/>line<br \/>hide<\/p>\n","protected":false},"excerpt":{"rendered":"<p>Sar\u0131msak Ya\u011f\u0131linehide<\/p>\n","protected":false},"author":1,"featured_media":0,"parent":0,"menu_order":0,"comment_status":"closed","ping_status":"closed","template":"","meta":{"_joinchat":[],"footnotes":""},"class_list":["post-5436","page","type-page","status-publish","hentry"],"_links":{"self":[{"href":"https:\/\/aridamlasi.com\/tr\/wp-json\/wp\/v2\/pages\/5436","targetHints":{"allow":["GET"]}}],"collection":[{"href":"https:\/\/aridamlasi.com\/tr\/wp-json\/wp\/v2\/pages"}],"about":[{"href":"https:\/\/aridamlasi.com\/tr\/wp-json\/wp\/v2\/types\/page"}],"author":[{"embeddable":true,"href":"https:\/\/aridamlasi.com\/tr\/wp-json\/wp\/v2\/users\/1"}],"replies":[{"embeddable":true,"href":"https:\/\/aridamlasi.com\/tr\/wp-json\/wp\/v2\/comments?post=5436"}],"version-history":[{"count":0,"href":"https:\/\/aridamlasi.com\/tr\/wp-json\/wp\/v2\/pages\/5436\/revisions"}],"wp:attachment":[{"href":"https:\/\/aridamlasi.com\/tr\/wp-json\/wp\/v2\/media?parent=5436"}],"curies":[{"name":"wp","href":"https:\/\/api.w.org\/{rel}","templated":true}]}}