{"id":5438,"date":"2023-04-28T13:53:44","date_gmt":"2023-04-28T10:53:44","guid":{"rendered":"https:\/\/aridamlasi.com\/?page_id=5438"},"modified":"2023-05-05T11:50:50","modified_gmt":"2023-05-05T08:50:50","slug":"gul-aromasi","status":"publish","type":"page","link":"https:\/\/aridamlasi.com\/tr\/gul-aromasi\/","title":{"rendered":"G\u00fcl Aromas\u0131"},"content":{"rendered":"<p>G\u00fcl Aromas\u0131<br \/>line<br \/>hide<\/p>\n","protected":false},"excerpt":{"rendered":"<p>G\u00fcl Aromas\u0131linehide<\/p>\n","protected":false},"author":1,"featured_media":0,"parent":0,"menu_order":0,"comment_status":"closed","ping_status":"closed","template":"","meta":{"_joinchat":[],"footnotes":""},"class_list":["post-5438","page","type-page","status-publish","hentry"],"_links":{"self":[{"href":"https:\/\/aridamlasi.com\/tr\/wp-json\/wp\/v2\/pages\/5438","targetHints":{"allow":["GET"]}}],"collection":[{"href":"https:\/\/aridamlasi.com\/tr\/wp-json\/wp\/v2\/pages"}],"about":[{"href":"https:\/\/aridamlasi.com\/tr\/wp-json\/wp\/v2\/types\/page"}],"author":[{"embeddable":true,"href":"https:\/\/aridamlasi.com\/tr\/wp-json\/wp\/v2\/users\/1"}],"replies":[{"embeddable":true,"href":"https:\/\/aridamlasi.com\/tr\/wp-json\/wp\/v2\/comments?post=5438"}],"version-history":[{"count":0,"href":"https:\/\/aridamlasi.com\/tr\/wp-json\/wp\/v2\/pages\/5438\/revisions"}],"wp:attachment":[{"href":"https:\/\/aridamlasi.com\/tr\/wp-json\/wp\/v2\/media?parent=5438"}],"curies":[{"name":"wp","href":"https:\/\/api.w.org\/{rel}","templated":true}]}}