{"id":5446,"date":"2023-04-28T14:09:25","date_gmt":"2023-04-28T11:09:25","guid":{"rendered":"https:\/\/aridamlasi.com\/?page_id=5446"},"modified":"2023-07-05T15:47:13","modified_gmt":"2023-07-05T12:47:13","slug":"uzum-cekirdegi-yagi","status":"publish","type":"page","link":"https:\/\/aridamlasi.com\/tr\/uzum-cekirdegi-yagi\/","title":{"rendered":"\u00dcz\u00fcm \u00c7ekirde\u011fi Ya\u011f\u0131"},"content":{"rendered":"<p>\u00dcz\u00fcm \u00c7ekirde\u011fi Ya\u011f\u0131<br \/>\nline<br \/>\nhide<\/p>\n","protected":false},"excerpt":{"rendered":"<p>\u00dcz\u00fcm \u00c7ekirde\u011fi Ya\u011f\u0131 line hide<\/p>\n","protected":false},"author":1,"featured_media":0,"parent":0,"menu_order":0,"comment_status":"closed","ping_status":"closed","template":"","meta":{"_joinchat":[],"footnotes":""},"class_list":["post-5446","page","type-page","status-publish","hentry"],"_links":{"self":[{"href":"https:\/\/aridamlasi.com\/tr\/wp-json\/wp\/v2\/pages\/5446","targetHints":{"allow":["GET"]}}],"collection":[{"href":"https:\/\/aridamlasi.com\/tr\/wp-json\/wp\/v2\/pages"}],"about":[{"href":"https:\/\/aridamlasi.com\/tr\/wp-json\/wp\/v2\/types\/page"}],"author":[{"embeddable":true,"href":"https:\/\/aridamlasi.com\/tr\/wp-json\/wp\/v2\/users\/1"}],"replies":[{"embeddable":true,"href":"https:\/\/aridamlasi.com\/tr\/wp-json\/wp\/v2\/comments?post=5446"}],"version-history":[{"count":0,"href":"https:\/\/aridamlasi.com\/tr\/wp-json\/wp\/v2\/pages\/5446\/revisions"}],"wp:attachment":[{"href":"https:\/\/aridamlasi.com\/tr\/wp-json\/wp\/v2\/media?parent=5446"}],"curies":[{"name":"wp","href":"https:\/\/api.w.org\/{rel}","templated":true}]}}