{"id":5455,"date":"2023-04-28T17:43:39","date_gmt":"2023-04-28T14:43:39","guid":{"rendered":"https:\/\/aridamlasi.com\/?page_id=5455"},"modified":"2023-05-04T18:25:21","modified_gmt":"2023-05-04T15:25:21","slug":"defne-tohumu-yagi","status":"publish","type":"page","link":"https:\/\/aridamlasi.com\/tr\/defne-tohumu-yagi\/","title":{"rendered":"Defne Tohumu Ya\u011f\u0131"},"content":{"rendered":"<p>Defne Tohumu Ya\u011f\u0131<br \/>line<br \/>hide<\/p>\n","protected":false},"excerpt":{"rendered":"<p>Defne Tohumu Ya\u011f\u0131linehide<\/p>\n","protected":false},"author":1,"featured_media":0,"parent":0,"menu_order":0,"comment_status":"closed","ping_status":"closed","template":"","meta":{"_joinchat":[],"footnotes":""},"class_list":["post-5455","page","type-page","status-publish","hentry"],"_links":{"self":[{"href":"https:\/\/aridamlasi.com\/tr\/wp-json\/wp\/v2\/pages\/5455","targetHints":{"allow":["GET"]}}],"collection":[{"href":"https:\/\/aridamlasi.com\/tr\/wp-json\/wp\/v2\/pages"}],"about":[{"href":"https:\/\/aridamlasi.com\/tr\/wp-json\/wp\/v2\/types\/page"}],"author":[{"embeddable":true,"href":"https:\/\/aridamlasi.com\/tr\/wp-json\/wp\/v2\/users\/1"}],"replies":[{"embeddable":true,"href":"https:\/\/aridamlasi.com\/tr\/wp-json\/wp\/v2\/comments?post=5455"}],"version-history":[{"count":0,"href":"https:\/\/aridamlasi.com\/tr\/wp-json\/wp\/v2\/pages\/5455\/revisions"}],"wp:attachment":[{"href":"https:\/\/aridamlasi.com\/tr\/wp-json\/wp\/v2\/media?parent=5455"}],"curies":[{"name":"wp","href":"https:\/\/api.w.org\/{rel}","templated":true}]}}