{"id":5463,"date":"2023-04-28T18:14:29","date_gmt":"2023-04-28T15:14:29","guid":{"rendered":"https:\/\/aridamlasi.com\/?page_id=5463"},"modified":"2023-06-23T16:05:59","modified_gmt":"2023-06-23T13:05:59","slug":"karadut-surubu","status":"publish","type":"page","link":"https:\/\/aridamlasi.com\/tr\/karadut-surubu\/","title":{"rendered":"Karadut \u015eurubu"},"content":{"rendered":"<p>Karadut \u015eurubu<br \/>\nKaradut\u00a0veya bilimsel ad\u0131yla\u00a0Morus nigra, G\u00fcneybat\u0131 Asya\u00a0ve\u00a0\u0130ber Yar\u0131madas\u0131 k\u00f6kenli olmakla birlikte Moraceae familyas\u0131na mensup, \u00e7i\u00e7ekli bir bitki t\u00fcr\u00fcd\u00fcr.<br \/>\nline<br \/>\nARI DAMLASI<br \/>\nhide<\/p>\n<p><img decoding=\"async\" src=\"https:\/\/aridamlasi.com\/wp-content\/uploads\/2022\/03\/Karadut-Surubu-340g-1.png\" alt=\"Karadut-Surubu-340g\" \/><br \/>\nfull<br \/>\ncontain<br \/>\ncenter center<br \/>\nhide<\/p>\n<p>Morus nigra, 12 m boya ve 15 m ene kadar b\u00fcy\u00fcyebilen, yaprak d\u00f6ken bir a\u011fa\u00e7t\u0131r. Yapraklar, 10-20 cm uzunlukta, 6-10 cm geni\u015fliktedir ve gen\u00e7 s\u00fcrg\u00fcnler 23 cm boya kadar ula\u015fabilir. Yapraklar\u0131n alt y\u00fczeyleri t\u00fcyl\u00fcd\u00fcr, \u00fcst y\u00fczeyleri ise d\u00fczensiz k\u0131sa ve sert t\u00fcylerle kapl\u0131d\u0131r. Yenilebilir olan meyveleri; koyu mor (neredeyse siyah) renkte, olgunlukta 2-3 cm uzunlukta, bir\u00e7ok k\u00fc\u00e7\u00fck\u00a0drupadan olu\u015fmu\u015f bir k\u00fcme \u015feklindedir. \u00dclkemizde \u0130stanbul, Tokat, Kahramanmara\u015f ve Malatya illerinde yeti\u015ftirilmektedir.<br \/>\nhide<\/p>\n","protected":false},"excerpt":{"rendered":"<p>Karadut \u015eurubu Karadut\u00a0veya bilimsel ad\u0131yla\u00a0Morus nigra, G\u00fcneybat\u0131 Asya\u00a0ve\u00a0\u0130ber Yar\u0131madas\u0131 k\u00f6kenli olmakla birlikte Moraceae familyas\u0131na mensup, \u00e7i\u00e7ekli bir bitki t\u00fcr\u00fcd\u00fcr. line ARI DAMLASI hide full contain center<span class=\"excerpt-hellip\"> [\u2026]<\/span><\/p>\n","protected":false},"author":1,"featured_media":0,"parent":0,"menu_order":0,"comment_status":"closed","ping_status":"closed","template":"","meta":{"_joinchat":[],"footnotes":""},"class_list":["post-5463","page","type-page","status-publish","hentry"],"_links":{"self":[{"href":"https:\/\/aridamlasi.com\/tr\/wp-json\/wp\/v2\/pages\/5463","targetHints":{"allow":["GET"]}}],"collection":[{"href":"https:\/\/aridamlasi.com\/tr\/wp-json\/wp\/v2\/pages"}],"about":[{"href":"https:\/\/aridamlasi.com\/tr\/wp-json\/wp\/v2\/types\/page"}],"author":[{"embeddable":true,"href":"https:\/\/aridamlasi.com\/tr\/wp-json\/wp\/v2\/users\/1"}],"replies":[{"embeddable":true,"href":"https:\/\/aridamlasi.com\/tr\/wp-json\/wp\/v2\/comments?post=5463"}],"version-history":[{"count":0,"href":"https:\/\/aridamlasi.com\/tr\/wp-json\/wp\/v2\/pages\/5463\/revisions"}],"wp:attachment":[{"href":"https:\/\/aridamlasi.com\/tr\/wp-json\/wp\/v2\/media?parent=5463"}],"curies":[{"name":"wp","href":"https:\/\/api.w.org\/{rel}","templated":true}]}}