{"id":6826,"date":"2023-12-29T15:22:46","date_gmt":"2023-12-29T12:22:46","guid":{"rendered":"https:\/\/aridamlasi.com\/?page_id=6826"},"modified":"2023-12-29T15:22:46","modified_gmt":"2023-12-29T12:22:46","slug":"vinex-zeytin-yapragi-tarcin-hibiskus-ekstraktli-bitkisel-karisimli-sirke","status":"publish","type":"page","link":"https:\/\/aridamlasi.com\/tr\/sirkeler\/vinex-zeytin-yapragi-tarcin-hibiskus-ekstraktli-bitkisel-karisimli-sirke\/","title":{"rendered":"Vinex Zeytin Yapra\u011f\u0131 &#038; Tar\u00e7\u0131n Hibiskus Ekstraktl\u0131 Bitkisel Kar\u0131\u015f\u0131ml\u0131 Sirke"},"content":{"rendered":"","protected":false},"excerpt":{"rendered":"","protected":false},"author":1,"featured_media":0,"parent":5326,"menu_order":0,"comment_status":"closed","ping_status":"closed","template":"","meta":{"_joinchat":[],"footnotes":""},"class_list":["post-6826","page","type-page","status-publish","hentry"],"_links":{"self":[{"href":"https:\/\/aridamlasi.com\/tr\/wp-json\/wp\/v2\/pages\/6826","targetHints":{"allow":["GET"]}}],"collection":[{"href":"https:\/\/aridamlasi.com\/tr\/wp-json\/wp\/v2\/pages"}],"about":[{"href":"https:\/\/aridamlasi.com\/tr\/wp-json\/wp\/v2\/types\/page"}],"author":[{"embeddable":true,"href":"https:\/\/aridamlasi.com\/tr\/wp-json\/wp\/v2\/users\/1"}],"replies":[{"embeddable":true,"href":"https:\/\/aridamlasi.com\/tr\/wp-json\/wp\/v2\/comments?post=6826"}],"version-history":[{"count":0,"href":"https:\/\/aridamlasi.com\/tr\/wp-json\/wp\/v2\/pages\/6826\/revisions"}],"up":[{"embeddable":true,"href":"https:\/\/aridamlasi.com\/tr\/wp-json\/wp\/v2\/pages\/5326"}],"wp:attachment":[{"href":"https:\/\/aridamlasi.com\/tr\/wp-json\/wp\/v2\/media?parent=6826"}],"curies":[{"name":"wp","href":"https:\/\/api.w.org\/{rel}","templated":true}]}}